{"id":9785,"date":"2018-05-06T20:43:47","date_gmt":"2018-05-06T20:43:47","guid":{"rendered":"https:\/\/tastecanada.org\/?page_id=9785"},"modified":"2021-08-25T14:01:40","modified_gmt":"2021-08-25T14:01:40","slug":"contribuer","status":"publish","type":"page","link":"https:\/\/tastecanada.org\/fr\/contribute\/","title":{"rendered":"Contribuer au contenu"},"content":{"rendered":"<p>[vc_row][vc_column][vc_column_text dp_text_size=&#8221;size-4&#8243;]<\/p>\n<h2 style=\"text-align: center;\">Taste Canada is currently calling for content submissions from all Shortlist authors &#8212; past and present.<\/h2>\n<p>&nbsp;<\/p>\n<p>As part of our mission, we want to recognize, promote and celebrate your work! As a notable author\/publisher of a Taste Canada Award Shortlisted title, your recipes, photos and videos could be featured on our website throughout the year to mark important and exciting milestones.<\/p>\n<p>Content submissions will also be featured on our social media channels for audiences to discover and explore.<\/p>\n<p>As a non-profit organization that supports and recognizes Canadian cookbooks and authors in both official languages, Taste Canada\u2019s mission is to market, promote and celebrate Canadian culinary writing as world class, by recognizing published titles to help define Canada\u2019s food culture, trends, innovation, influences and history.<\/p>\n<p>If you\u2019re interested in contributing content, then here is what you need to know:<\/p>\n<h3>Our Audience<\/h3>\n<p>A champion of Canadian food writers and cookbook authors, Taste Canada encourages readers at home and abroad to discover diverse recipes and delicious food stories written from a Canadian perspective. All our readers have one thing in common: they love cookbooks, cooking and food.<\/p>\n<h3>What We\u2019re Looking For<\/h3>\n<ol>\n<li><strong>Recipes:<\/strong> Include a recipe\u00a0and accompanying photo from the Shortlisted Cookbook for spring, summer, fall, winter or holidays.<\/li>\n<li><strong>Kitchen Tips:\u00a0<\/strong> A trick, tip or hack&#8211;can include a how-to tip from your cookbook or straight from the author\u2019s kitchen, including an image or video to explain the tip.<\/li>\n<li><strong>Video Address:<\/strong> Hit record and share your thoughts on one of the three below relevant topics in 1 minute or less:<\/li>\n<\/ol>\n<ul>\n<li style=\"list-style-type: none;\">\n<ul>\n<li>How do you think cookbooks bring Canadians together?<\/li>\n<li>Tell us of a recipe that you once found in a cookbook that ended up becoming a family recipe.<\/li>\n<li>Why is it important for you that Canada has its own cookbook awards (Taste Canada) and how do the awards reflect\/support our national culinary\u00a0culture?<\/li>\n<\/ul>\n<\/li>\n<\/ul>\n<h3>Submission Guidelines<\/h3>\n<ul>\n<li style=\"list-style-type: none;\">\n<ul>\n<li>Contributions must originate from a Taste Canada shortlisted author, 1997 to present.<\/li>\n<li>Publishers may submit work on behalf of authors with their permission, and vice versa.<\/li>\n<li>All submissions from published books must have the permission of the publisher\/author (Taste Canada will provide a release form upon content approval)<\/li>\n<li>Recipes should include an introduction\/lede.<\/li>\n<li>All submissions MUST include\u00a0a minimum\u00a0of 1 photo; 1280 x 395 px<\/li>\n<\/ul>\n<\/li>\n<\/ul>\n<h3>Next Steps<\/h3>\n<p>Send submissions requests to <a href=\"mailto:taste.canada@gmail.com\">taste.canada@gmail.com<\/a> for consideration with the following information:<\/p>\n<ul>\n<li style=\"list-style-type: none;\">\n<ul>\n<li>Author\u2019s name<\/li>\n<li>Publisher<\/li>\n<li>Book title<\/li>\n<li>ISBN<\/li>\n<li>Email<\/li>\n<li>Website<\/li>\n<li>Social media handles<\/li>\n<li>A small headshot (optional)<\/li>\n<li>Content \u2013 attached or link to download (please, no pdf\u2019s)<\/li>\n<li>Documents; Word or Google Docs<\/li>\n<li>Photos; jpg or tiff<\/li>\n<li>Videos; mp4<\/li>\n<\/ul>\n<\/li>\n<\/ul>\n<p>Taste Canada reserves the right to refuse content for any reason. Submissions that do not meet requirements will be declined.\u00a0If your content is accepted, you will be notified.<\/p>\n<h2>Banner Advertising<\/h2>\n<p>Please contact <a href=\"mailto:taste.canada@gmail.com\">taste.canada@gmail.com<\/a> for ad banner rates.<\/p>\n<p><strong>Banner Ads: Sizes<\/strong><br \/>\nLeaderboard\/Header (Top of page): 91 x 728 px<br \/>\nSide bar: 396 x any height px<br \/>\nFooter: 290 x 187 px[\/vc_column_text][\/vc_column][\/vc_row][vc_row][vc_column][vc_empty_space height=&#8221;20px&#8221;][vc_cta h2=&#8221;Rights of Use&#8221; shape=&#8221;square&#8221;]By submitting your article to Taste Canada (\u201cTasteCanada.org&#8221;, &#8220;We&#8221; or &#8220;Us&#8221;), you and\/or your organization will be granting Taste Canada unlimited rights of use across its digital channels. If your content is accepted and published, your content will be distributed across our channels, including web, social media, RSS, email, mobile and PDF. We also retain the right to edit for clarity, tone and style.<\/p>\n<p>We assume that you have the right to grant the use for all materials you provide. It is your responsibility to verify this prior to submitting any materials for publishing. If you are providing Taste Canada with images, please include a short statement about the related copyright and rights of use.<\/p>\n<p>If you have any questions please direct them to our editor at\u00a0<a href=\"mailto:taste.canada@gmail.com\">taste.canada@gmail.com<\/a>.[\/vc_cta][\/vc_column][\/vc_row]<\/p>\n","protected":false},"excerpt":{"rendered":"<p>[vc_row][vc_column][vc_column_text dp_text_size=&#8221;size-4&#8243;] Taste Canada is currently calling for content submissions from all Shortlist authors &#8212; past and present. &nbsp; As part of our mission, we want to recognize, promote and celebrate your work! As a notable author\/publisher of a Taste Canada Award Shortlisted title, your recipes, photos and videos could be featured on our website&hellip;<\/p>\n","protected":false},"author":2,"featured_media":0,"parent":0,"menu_order":0,"comment_status":"closed","ping_status":"closed","template":"","meta":{"wprm-recipe-roundup-name":"","wprm-recipe-roundup-description":"","ngg_post_thumbnail":0,"footnotes":""},"class_list":["post-9785","page","type-page","status-publish","hentry"],"yoast_head":"<!-- This site is optimized with the Yoast SEO plugin v27.4 - https:\/\/yoast.com\/product\/yoast-seo-wordpress\/ -->\n<title>Contribute Content - Taste Canada Canadian Cookbooks<\/title>\n<meta name=\"description\" content=\"Do you love to write about food and drink? Are you a Canadian author, food writer or publisher? Contribute your stories to the Taste Canada website!\" \/>\n<meta name=\"robots\" content=\"index, follow, max-snippet:-1, max-image-preview:large, max-video-preview:-1\" \/>\n<link rel=\"canonical\" href=\"https:\/\/tastecanada.org\/fr\/contribuer\/\" \/>\n<meta property=\"og:locale\" content=\"fr_CA\" \/>\n<meta property=\"og:type\" content=\"article\" \/>\n<meta property=\"og:title\" content=\"Contribute Content - Taste Canada Canadian Cookbooks\" \/>\n<meta property=\"og:description\" content=\"Do you love to write about food and drink? Are you a Canadian author, food writer or publisher? Contribute your stories to the Taste Canada website!\" \/>\n<meta property=\"og:url\" content=\"https:\/\/tastecanada.org\/fr\/contribuer\/\" \/>\n<meta property=\"og:site_name\" content=\"Taste Canada\" \/>\n<meta property=\"article:publisher\" content=\"https:\/\/www.facebook.com\/Taste.Canada\" \/>\n<meta property=\"article:modified_time\" content=\"2021-08-25T14:01:40+00:00\" \/>\n<meta name=\"twitter:card\" content=\"summary_large_image\" \/>\n<meta name=\"twitter:site\" content=\"@TasteCanada\" \/>\n<meta name=\"twitter:label1\" content=\"Estimation du temps de lecture\" \/>\n\t<meta name=\"twitter:data1\" content=\"3 minutes\" \/>\n<script type=\"application\/ld+json\" class=\"yoast-schema-graph\">{\"@context\":\"https:\\\/\\\/schema.org\",\"@graph\":[{\"@type\":\"WebPage\",\"@id\":\"https:\\\/\\\/tastecanada.org\\\/contribute\\\/\",\"url\":\"https:\\\/\\\/tastecanada.org\\\/contribute\\\/\",\"name\":\"Contribute Content - Taste Canada Canadian Cookbooks\",\"isPartOf\":{\"@id\":\"https:\\\/\\\/tastecanada.org\\\/#website\"},\"datePublished\":\"2018-05-06T20:43:47+00:00\",\"dateModified\":\"2021-08-25T14:01:40+00:00\",\"description\":\"Do you love to write about food and drink? Are you a Canadian author, food writer or publisher? Contribute your stories to the Taste Canada website!\",\"breadcrumb\":{\"@id\":\"https:\\\/\\\/tastecanada.org\\\/contribute\\\/#breadcrumb\"},\"inLanguage\":\"fr-CA\",\"potentialAction\":[{\"@type\":\"ReadAction\",\"target\":[\"https:\\\/\\\/tastecanada.org\\\/contribute\\\/\"]}]},{\"@type\":\"BreadcrumbList\",\"@id\":\"https:\\\/\\\/tastecanada.org\\\/contribute\\\/#breadcrumb\",\"itemListElement\":[{\"@type\":\"ListItem\",\"position\":1,\"name\":\"Home\",\"item\":\"https:\\\/\\\/tastecanada.org\\\/\"},{\"@type\":\"ListItem\",\"position\":2,\"name\":\"Contribute Content\"}]},{\"@type\":\"WebSite\",\"@id\":\"https:\\\/\\\/tastecanada.org\\\/#website\",\"url\":\"https:\\\/\\\/tastecanada.org\\\/\",\"name\":\"Taste Canada\",\"description\":\"Canada&#039;s Cookbooks Awards\",\"publisher\":{\"@id\":\"https:\\\/\\\/tastecanada.org\\\/#organization\"},\"potentialAction\":[{\"@type\":\"SearchAction\",\"target\":{\"@type\":\"EntryPoint\",\"urlTemplate\":\"https:\\\/\\\/tastecanada.org\\\/?s={search_term_string}\"},\"query-input\":{\"@type\":\"PropertyValueSpecification\",\"valueRequired\":true,\"valueName\":\"search_term_string\"}}],\"inLanguage\":\"fr-CA\"},{\"@type\":\"Organization\",\"@id\":\"https:\\\/\\\/tastecanada.org\\\/#organization\",\"name\":\"Taste Canada\",\"url\":\"https:\\\/\\\/tastecanada.org\\\/\",\"logo\":{\"@type\":\"ImageObject\",\"inLanguage\":\"fr-CA\",\"@id\":\"https:\\\/\\\/tastecanada.org\\\/#\\\/schema\\\/logo\\\/image\\\/\",\"url\":\"https:\\\/\\\/tastecanada.org\\\/wp-content\\\/uploads\\\/2018\\\/04\\\/TC-Logo-Header@2x.jpg\",\"contentUrl\":\"https:\\\/\\\/tastecanada.org\\\/wp-content\\\/uploads\\\/2018\\\/04\\\/TC-Logo-Header@2x.jpg\",\"width\":500,\"height\":500,\"caption\":\"Taste Canada\"},\"image\":{\"@id\":\"https:\\\/\\\/tastecanada.org\\\/#\\\/schema\\\/logo\\\/image\\\/\"},\"sameAs\":[\"https:\\\/\\\/www.facebook.com\\\/Taste.Canada\",\"https:\\\/\\\/x.com\\\/TasteCanada\",\"https:\\\/\\\/www.instagram.com\\\/tastecanadaawards\\\/\",\"https:\\\/\\\/www.youtube.com\\\/channel\\\/UCGOvW9bjvd9WN1QhGmZ74dw\"]}]}<\/script>\n<!-- \/ Yoast SEO plugin. -->","yoast_head_json":{"title":"Contribuer au contenu - Taste Canada Canadian Cookbooks","description":"Aimez-vous \u00e9crire sur la nourriture et les boissons? \u00cates-vous un auteur, un \u00e9crivain culinaire ou un \u00e9diteur canadien\u00a0? Partagez vos histoires sur le site Web Taste Canada!","robots":{"index":"index","follow":"follow","max-snippet":"max-snippet:-1","max-image-preview":"max-image-preview:large","max-video-preview":"max-video-preview:-1"},"canonical":"https:\/\/tastecanada.org\/fr\/contribuer\/","og_locale":"fr_CA","og_type":"article","og_title":"Contribute Content - Taste Canada Canadian Cookbooks","og_description":"Do you love to write about food and drink? Are you a Canadian author, food writer or publisher? Contribute your stories to the Taste Canada website!","og_url":"https:\/\/tastecanada.org\/fr\/contribuer\/","og_site_name":"Taste Canada","article_publisher":"https:\/\/www.facebook.com\/Taste.Canada","article_modified_time":"2021-08-25T14:01:40+00:00","twitter_card":"summary_large_image","twitter_site":"@TasteCanada","twitter_misc":{"Estimation du temps de lecture":"3 minutes"},"schema":{"@context":"https:\/\/schema.org","@graph":[{"@type":"WebPage","@id":"https:\/\/tastecanada.org\/contribute\/","url":"https:\/\/tastecanada.org\/contribute\/","name":"Contribuer au contenu - Taste Canada Canadian Cookbooks","isPartOf":{"@id":"https:\/\/tastecanada.org\/#website"},"datePublished":"2018-05-06T20:43:47+00:00","dateModified":"2021-08-25T14:01:40+00:00","description":"Aimez-vous \u00e9crire sur la nourriture et les boissons? \u00cates-vous un auteur, un \u00e9crivain culinaire ou un \u00e9diteur canadien\u00a0? Partagez vos histoires sur le site Web Taste Canada!","breadcrumb":{"@id":"https:\/\/tastecanada.org\/contribute\/#breadcrumb"},"inLanguage":"fr-CA","potentialAction":[{"@type":"ReadAction","target":["https:\/\/tastecanada.org\/contribute\/"]}]},{"@type":"BreadcrumbList","@id":"https:\/\/tastecanada.org\/contribute\/#breadcrumb","itemListElement":[{"@type":"ListItem","position":1,"name":"Home","item":"https:\/\/tastecanada.org\/"},{"@type":"ListItem","position":2,"name":"Contribute Content"}]},{"@type":"WebSite","@id":"https:\/\/tastecanada.org\/#website","url":"https:\/\/tastecanada.org\/","name":"Le Centre de Ressources Educatives pour","description":"Prix des livres de cuisine du Canada&#039;","publisher":{"@id":"https:\/\/tastecanada.org\/#organization"},"potentialAction":[{"@type":"SearchAction","target":{"@type":"EntryPoint","urlTemplate":"https:\/\/tastecanada.org\/?s={search_term_string}"},"query-input":{"@type":"PropertyValueSpecification","valueRequired":true,"valueName":"search_term_string"}}],"inLanguage":"fr-CA"},{"@type":"Organization","@id":"https:\/\/tastecanada.org\/#organization","name":"Le Centre de Ressources Educatives pour","url":"https:\/\/tastecanada.org\/","logo":{"@type":"ImageObject","inLanguage":"fr-CA","@id":"https:\/\/tastecanada.org\/#\/schema\/logo\/image\/","url":"https:\/\/tastecanada.org\/wp-content\/uploads\/2018\/04\/TC-Logo-Header@2x.jpg","contentUrl":"https:\/\/tastecanada.org\/wp-content\/uploads\/2018\/04\/TC-Logo-Header@2x.jpg","width":500,"height":500,"caption":"Taste Canada"},"image":{"@id":"https:\/\/tastecanada.org\/#\/schema\/logo\/image\/"},"sameAs":["https:\/\/www.facebook.com\/Taste.Canada","https:\/\/x.com\/TasteCanada","https:\/\/www.instagram.com\/tastecanadaawards\/","https:\/\/www.youtube.com\/channel\/UCGOvW9bjvd9WN1QhGmZ74dw"]}]}},"_links":{"self":[{"href":"https:\/\/tastecanada.org\/fr\/wp-json\/wp\/v2\/pages\/9785","targetHints":{"allow":["GET"]}}],"collection":[{"href":"https:\/\/tastecanada.org\/fr\/wp-json\/wp\/v2\/pages"}],"about":[{"href":"https:\/\/tastecanada.org\/fr\/wp-json\/wp\/v2\/types\/page"}],"author":[{"embeddable":true,"href":"https:\/\/tastecanada.org\/fr\/wp-json\/wp\/v2\/users\/2"}],"replies":[{"embeddable":true,"href":"https:\/\/tastecanada.org\/fr\/wp-json\/wp\/v2\/comments?post=9785"}],"version-history":[{"count":6,"href":"https:\/\/tastecanada.org\/fr\/wp-json\/wp\/v2\/pages\/9785\/revisions"}],"predecessor-version":[{"id":15224,"href":"https:\/\/tastecanada.org\/fr\/wp-json\/wp\/v2\/pages\/9785\/revisions\/15224"}],"wp:attachment":[{"href":"https:\/\/tastecanada.org\/fr\/wp-json\/wp\/v2\/media?parent=9785"}],"curies":[{"name":"wp","href":"https:\/\/api.w.org\/{rel}","templated":true}]}}