{"id":8618,"date":"2019-01-02T14:42:06","date_gmt":"2019-01-02T14:42:06","guid":{"rendered":"https:\/\/tastecanada.org\/?page_id=8618"},"modified":"2025-06-24T17:06:59","modified_gmt":"2025-06-24T17:06:59","slug":"taste-canada-seal","status":"publish","type":"page","link":"https:\/\/tastecanada.org\/fr\/taste-canada-seal\/","title":{"rendered":"Le sceau Saveurs du Canada pour les livres de cuisine prim\u00e9s"},"content":{"rendered":"<h2>\n\t\t\tLe sceau Saveurs du Canada pour les livres de cuisine prim\u00e9s\t<\/h2>\n<h2>\n\t\t\tWinner Resources &#8211; The Taste Canada Seal\t<\/h2>\n\t<p>F\u00e9licitations pour votre contribution prim\u00e9e \u00e0 l&#039;\u00e9criture culinaire canadienne\u00a0!<\/p>\n<p>Dans le cadre de notre mandat pour c\u00e9l\u00e9brer les \u00e9crivains culinaires canadiens, nous avons pr\u00e9par\u00e9 un sceau pour votre livre qui permet au public de vous reconna\u00eetre en tant que gagnant or, gagnant'argent et auteur pr\u00e9s\u00e9lectionn\u00e9 Saveurs du Canada<\/p>\n\t\t\t\t<img decoding=\"async\" src=\"https:\/\/tastecanada.org\/wp-content\/uploads\/2025\/03\/Shortlist_Seal-cropped.png\" alt=\"Taste Canada Shortlist Seal\" itemprop=\"image\" height=\"560\" width=\"569\" title=\"Shortlist_Seal cropped\" onerror=\"this.style.display='none'\" loading='lazy' \/>\n\t\t\t\t<img decoding=\"async\" src=\"https:\/\/tastecanada.org\/wp-content\/uploads\/2022\/11\/Silver_Seal.png\" alt=\"M\u00e9daille d&#039;argent Go\u00fbtez Canada\" itemprop=\"image\" height=\"479\" width=\"500\" title=\"Silver_Seal\" onerror=\"this.style.display='none'\" loading='lazy' \/>\n\t\t\t\t<img decoding=\"async\" src=\"https:\/\/tastecanada.org\/wp-content\/uploads\/2022\/11\/Gold_Seal.png\" alt=\"M\u00e9daille d&#039;or Go\u00fbtez Canada\" itemprop=\"image\" height=\"479\" width=\"500\" title=\"Gold_Seal\" onerror=\"this.style.display='none'\" loading='lazy' \/>\n\t\t\t\t<a href=\"https:\/\/tastecanada.org\/wp-content\/uploads\/2022\/10\/Taste-Canada-final2.pdf\"  target=\"_blank\" rel=\"noopener\"  itemprop=\"url\">\n\t\t\t\t<img decoding=\"async\" src=\"https:\/\/tastecanada.org\/wp-content\/uploads\/2022\/11\/How-to-Leverage.png\" alt=\"Comment tirer parti de votre r\u00e9ussite\" itemprop=\"image\" height=\"328\" width=\"624\" title=\"How to Leverage\" onerror=\"this.style.display='none'\" loading='lazy' \/>\n\t\t\t\t<\/a>\n<p>Pour les fichiers num\u00e9riques, veuillez contacter\u00a0<a href=\"mailto:awardschair@tastecanada.org\"><strong>awardschair@tastecanada.org<\/strong><\/a><\/p>\n<header>\n<h2>Les \u00e9tiquettes avec le sceau imprim\u00e9s peuvent \u00eatre achet\u00e9s par les auteurs et \u00e9diteurs gagnants via Moffitt Print Craft.<\/h2>\n<\/header>\n<p><strong>Moffitt Print Craft Limit\u00e9e<\/strong><\/p>\n240 Woodlawn Ouest<br \/>\nGuelph (Ontario) N1H 1B6<br \/>\nT\u00e9l. : (519) 822-7311<br \/>\nE-mail:\u00a0<a href=\"mailto:christopher@moffittprint.com\" target=\"_blank\" rel=\"noopener noreferrer\">christopher@moffittprint.com<\/a>\n\t\t\t<a href=\"https:\/\/www.moffittprinting.ca\/\" target=\"_blank\" rel=\"noopener\">\n\t\t\t\t\t\t\tVisitez leur site Web\n\t\t\t\t\t<\/a>","protected":false},"excerpt":{"rendered":"<p>The Taste Canada Seal for Award Winning Cookbooks Winner Resources &#8211; The Taste Canada Seal Congratulations on your award-winning contribution to Canadian culinary writing! As part of our mandate to celebrate Canadian culinary writers, we have prepared a seal for your book which allows the public to recognize you as a Taste Canada Awards Gold&hellip;<\/p>","protected":false},"author":2,"featured_media":0,"parent":0,"menu_order":0,"comment_status":"closed","ping_status":"closed","template":"","meta":{"wprm-recipe-roundup-name":"","wprm-recipe-roundup-description":"","ngg_post_thumbnail":0,"footnotes":""},"class_list":["post-8618","page","type-page","status-publish","hentry"],"yoast_head":"<!-- This site is optimized with the Yoast SEO plugin v27.4 - https:\/\/yoast.com\/product\/yoast-seo-wordpress\/ -->\n<title>The Taste Canada Seal for Award Winning Cookbooks - Taste Canada Using the Taste Canada Seal<\/title>\n<meta name=\"description\" content=\"Display the official Taste Canada seal on your book to highlight your achievement as a Gold, Silver, or Shortlisted Taste Canada Awards winner.\" \/>\n<meta name=\"robots\" content=\"index, follow, max-snippet:-1, max-image-preview:large, max-video-preview:-1\" \/>\n<link rel=\"canonical\" href=\"https:\/\/tastecanada.org\/fr\/taste-canada-seal\/\" \/>\n<meta property=\"og:locale\" content=\"fr_CA\" \/>\n<meta property=\"og:type\" content=\"article\" \/>\n<meta property=\"og:title\" content=\"The Taste Canada Seal for Award Winning Cookbooks - Taste Canada Using the Taste Canada Seal\" \/>\n<meta property=\"og:description\" content=\"Display the official Taste Canada seal on your book to highlight your achievement as a Gold, Silver, or Shortlisted Taste Canada Awards winner.\" \/>\n<meta property=\"og:url\" content=\"https:\/\/tastecanada.org\/fr\/taste-canada-seal\/\" \/>\n<meta property=\"og:site_name\" content=\"Taste Canada\" \/>\n<meta property=\"article:publisher\" content=\"https:\/\/www.facebook.com\/Taste.Canada\" \/>\n<meta property=\"article:modified_time\" content=\"2025-06-24T17:06:59+00:00\" \/>\n<meta property=\"og:image\" content=\"https:\/\/tastecanada.org\/wp-content\/uploads\/2025\/03\/Shortlist_Seal-cropped.png\" \/>\n<meta name=\"twitter:card\" content=\"summary_large_image\" \/>\n<meta name=\"twitter:site\" content=\"@TasteCanada\" \/>\n<meta name=\"twitter:label1\" content=\"Estimation du temps de lecture\" \/>\n\t<meta name=\"twitter:data1\" content=\"2 minutes\" \/>\n<script type=\"application\/ld+json\" class=\"yoast-schema-graph\">{\"@context\":\"https:\\\/\\\/schema.org\",\"@graph\":[{\"@type\":\"WebPage\",\"@id\":\"https:\\\/\\\/tastecanada.org\\\/taste-canada-seal\\\/\",\"url\":\"https:\\\/\\\/tastecanada.org\\\/taste-canada-seal\\\/\",\"name\":\"The Taste Canada Seal for Award Winning Cookbooks - Taste Canada Using the Taste Canada Seal\",\"isPartOf\":{\"@id\":\"https:\\\/\\\/tastecanada.org\\\/#website\"},\"primaryImageOfPage\":{\"@id\":\"https:\\\/\\\/tastecanada.org\\\/taste-canada-seal\\\/#primaryimage\"},\"image\":{\"@id\":\"https:\\\/\\\/tastecanada.org\\\/taste-canada-seal\\\/#primaryimage\"},\"thumbnailUrl\":\"https:\\\/\\\/tastecanada.org\\\/wp-content\\\/uploads\\\/2025\\\/03\\\/Shortlist_Seal-cropped.png\",\"datePublished\":\"2019-01-02T14:42:06+00:00\",\"dateModified\":\"2025-06-24T17:06:59+00:00\",\"description\":\"Display the official Taste Canada seal on your book to highlight your achievement as a Gold, Silver, or Shortlisted Taste Canada Awards winner.\",\"breadcrumb\":{\"@id\":\"https:\\\/\\\/tastecanada.org\\\/taste-canada-seal\\\/#breadcrumb\"},\"inLanguage\":\"fr-CA\",\"potentialAction\":[{\"@type\":\"ReadAction\",\"target\":[\"https:\\\/\\\/tastecanada.org\\\/taste-canada-seal\\\/\"]}]},{\"@type\":\"ImageObject\",\"inLanguage\":\"fr-CA\",\"@id\":\"https:\\\/\\\/tastecanada.org\\\/taste-canada-seal\\\/#primaryimage\",\"url\":\"https:\\\/\\\/tastecanada.org\\\/wp-content\\\/uploads\\\/2025\\\/03\\\/Shortlist_Seal-cropped.png\",\"contentUrl\":\"https:\\\/\\\/tastecanada.org\\\/wp-content\\\/uploads\\\/2025\\\/03\\\/Shortlist_Seal-cropped.png\"},{\"@type\":\"BreadcrumbList\",\"@id\":\"https:\\\/\\\/tastecanada.org\\\/taste-canada-seal\\\/#breadcrumb\",\"itemListElement\":[{\"@type\":\"ListItem\",\"position\":1,\"name\":\"Home\",\"item\":\"https:\\\/\\\/tastecanada.org\\\/\"},{\"@type\":\"ListItem\",\"position\":2,\"name\":\"The Taste Canada Seal for Award Winning Cookbooks\"}]},{\"@type\":\"WebSite\",\"@id\":\"https:\\\/\\\/tastecanada.org\\\/#website\",\"url\":\"https:\\\/\\\/tastecanada.org\\\/\",\"name\":\"Taste Canada\",\"description\":\"Canada&#039;s Cookbooks Awards\",\"publisher\":{\"@id\":\"https:\\\/\\\/tastecanada.org\\\/#organization\"},\"potentialAction\":[{\"@type\":\"SearchAction\",\"target\":{\"@type\":\"EntryPoint\",\"urlTemplate\":\"https:\\\/\\\/tastecanada.org\\\/?s={search_term_string}\"},\"query-input\":{\"@type\":\"PropertyValueSpecification\",\"valueRequired\":true,\"valueName\":\"search_term_string\"}}],\"inLanguage\":\"fr-CA\"},{\"@type\":\"Organization\",\"@id\":\"https:\\\/\\\/tastecanada.org\\\/#organization\",\"name\":\"Taste Canada\",\"url\":\"https:\\\/\\\/tastecanada.org\\\/\",\"logo\":{\"@type\":\"ImageObject\",\"inLanguage\":\"fr-CA\",\"@id\":\"https:\\\/\\\/tastecanada.org\\\/#\\\/schema\\\/logo\\\/image\\\/\",\"url\":\"https:\\\/\\\/tastecanada.org\\\/wp-content\\\/uploads\\\/2018\\\/04\\\/TC-Logo-Header@2x.jpg\",\"contentUrl\":\"https:\\\/\\\/tastecanada.org\\\/wp-content\\\/uploads\\\/2018\\\/04\\\/TC-Logo-Header@2x.jpg\",\"width\":500,\"height\":500,\"caption\":\"Taste Canada\"},\"image\":{\"@id\":\"https:\\\/\\\/tastecanada.org\\\/#\\\/schema\\\/logo\\\/image\\\/\"},\"sameAs\":[\"https:\\\/\\\/www.facebook.com\\\/Taste.Canada\",\"https:\\\/\\\/x.com\\\/TasteCanada\",\"https:\\\/\\\/www.instagram.com\\\/tastecanadaawards\\\/\",\"https:\\\/\\\/www.youtube.com\\\/channel\\\/UCGOvW9bjvd9WN1QhGmZ74dw\"]}]}<\/script>\n<!-- \/ Yoast SEO plugin. -->","yoast_head_json":{"title":"Le sceau Go\u00fbt Canada pour les livres de cuisine prim\u00e9s - Taste Canada utilise le sceau Go\u00fbt Canada","description":"Display the official Taste Canada seal on your book to highlight your achievement as a Gold, Silver, or Shortlisted Taste Canada Awards winner.","robots":{"index":"index","follow":"follow","max-snippet":"max-snippet:-1","max-image-preview":"max-image-preview:large","max-video-preview":"max-video-preview:-1"},"canonical":"https:\/\/tastecanada.org\/fr\/taste-canada-seal\/","og_locale":"fr_CA","og_type":"article","og_title":"The Taste Canada Seal for Award Winning Cookbooks - Taste Canada Using the Taste Canada Seal","og_description":"Display the official Taste Canada seal on your book to highlight your achievement as a Gold, Silver, or Shortlisted Taste Canada Awards winner.","og_url":"https:\/\/tastecanada.org\/fr\/taste-canada-seal\/","og_site_name":"Taste Canada","article_publisher":"https:\/\/www.facebook.com\/Taste.Canada","article_modified_time":"2025-06-24T17:06:59+00:00","og_image":[{"url":"https:\/\/tastecanada.org\/wp-content\/uploads\/2025\/03\/Shortlist_Seal-cropped.png","type":"","width":"","height":""}],"twitter_card":"summary_large_image","twitter_site":"@TasteCanada","twitter_misc":{"Estimation du temps de lecture":"2 minutes"},"schema":{"@context":"https:\/\/schema.org","@graph":[{"@type":"WebPage","@id":"https:\/\/tastecanada.org\/taste-canada-seal\/","url":"https:\/\/tastecanada.org\/taste-canada-seal\/","name":"Le sceau Go\u00fbt Canada pour les livres de cuisine prim\u00e9s - Taste Canada utilise le sceau Go\u00fbt Canada","isPartOf":{"@id":"https:\/\/tastecanada.org\/#website"},"primaryImageOfPage":{"@id":"https:\/\/tastecanada.org\/taste-canada-seal\/#primaryimage"},"image":{"@id":"https:\/\/tastecanada.org\/taste-canada-seal\/#primaryimage"},"thumbnailUrl":"https:\/\/tastecanada.org\/wp-content\/uploads\/2025\/03\/Shortlist_Seal-cropped.png","datePublished":"2019-01-02T14:42:06+00:00","dateModified":"2025-06-24T17:06:59+00:00","description":"Display the official Taste Canada seal on your book to highlight your achievement as a Gold, Silver, or Shortlisted Taste Canada Awards winner.","breadcrumb":{"@id":"https:\/\/tastecanada.org\/taste-canada-seal\/#breadcrumb"},"inLanguage":"fr-CA","potentialAction":[{"@type":"ReadAction","target":["https:\/\/tastecanada.org\/taste-canada-seal\/"]}]},{"@type":"ImageObject","inLanguage":"fr-CA","@id":"https:\/\/tastecanada.org\/taste-canada-seal\/#primaryimage","url":"https:\/\/tastecanada.org\/wp-content\/uploads\/2025\/03\/Shortlist_Seal-cropped.png","contentUrl":"https:\/\/tastecanada.org\/wp-content\/uploads\/2025\/03\/Shortlist_Seal-cropped.png"},{"@type":"BreadcrumbList","@id":"https:\/\/tastecanada.org\/taste-canada-seal\/#breadcrumb","itemListElement":[{"@type":"ListItem","position":1,"name":"Home","item":"https:\/\/tastecanada.org\/"},{"@type":"ListItem","position":2,"name":"The Taste Canada Seal for Award Winning Cookbooks"}]},{"@type":"WebSite","@id":"https:\/\/tastecanada.org\/#website","url":"https:\/\/tastecanada.org\/","name":"Le Centre de Ressources Educatives pour","description":"Prix des livres de cuisine du Canada&#039;","publisher":{"@id":"https:\/\/tastecanada.org\/#organization"},"potentialAction":[{"@type":"SearchAction","target":{"@type":"EntryPoint","urlTemplate":"https:\/\/tastecanada.org\/?s={search_term_string}"},"query-input":{"@type":"PropertyValueSpecification","valueRequired":true,"valueName":"search_term_string"}}],"inLanguage":"fr-CA"},{"@type":"Organization","@id":"https:\/\/tastecanada.org\/#organization","name":"Le Centre de Ressources Educatives pour","url":"https:\/\/tastecanada.org\/","logo":{"@type":"ImageObject","inLanguage":"fr-CA","@id":"https:\/\/tastecanada.org\/#\/schema\/logo\/image\/","url":"https:\/\/tastecanada.org\/wp-content\/uploads\/2018\/04\/TC-Logo-Header@2x.jpg","contentUrl":"https:\/\/tastecanada.org\/wp-content\/uploads\/2018\/04\/TC-Logo-Header@2x.jpg","width":500,"height":500,"caption":"Taste Canada"},"image":{"@id":"https:\/\/tastecanada.org\/#\/schema\/logo\/image\/"},"sameAs":["https:\/\/www.facebook.com\/Taste.Canada","https:\/\/x.com\/TasteCanada","https:\/\/www.instagram.com\/tastecanadaawards\/","https:\/\/www.youtube.com\/channel\/UCGOvW9bjvd9WN1QhGmZ74dw"]}]}},"_links":{"self":[{"href":"https:\/\/tastecanada.org\/fr\/wp-json\/wp\/v2\/pages\/8618","targetHints":{"allow":["GET"]}}],"collection":[{"href":"https:\/\/tastecanada.org\/fr\/wp-json\/wp\/v2\/pages"}],"about":[{"href":"https:\/\/tastecanada.org\/fr\/wp-json\/wp\/v2\/types\/page"}],"author":[{"embeddable":true,"href":"https:\/\/tastecanada.org\/fr\/wp-json\/wp\/v2\/users\/2"}],"replies":[{"embeddable":true,"href":"https:\/\/tastecanada.org\/fr\/wp-json\/wp\/v2\/comments?post=8618"}],"version-history":[{"count":5,"href":"https:\/\/tastecanada.org\/fr\/wp-json\/wp\/v2\/pages\/8618\/revisions"}],"predecessor-version":[{"id":21724,"href":"https:\/\/tastecanada.org\/fr\/wp-json\/wp\/v2\/pages\/8618\/revisions\/21724"}],"wp:attachment":[{"href":"https:\/\/tastecanada.org\/fr\/wp-json\/wp\/v2\/media?parent=8618"}],"curies":[{"name":"wp","href":"https:\/\/api.w.org\/{rel}","templated":true}]}}