{"id":8616,"date":"2018-04-10T14:40:58","date_gmt":"2018-04-10T14:40:58","guid":{"rendered":"https:\/\/tastecanada.org\/?page_id=8616"},"modified":"2026-01-22T18:46:37","modified_gmt":"2026-01-22T18:46:37","slug":"strategies","status":"publish","type":"page","link":"https:\/\/tastecanada.org\/fr\/policies\/","title":{"rendered":"R\u00e9glements"},"content":{"rendered":"<h2>\n\t\t\tProcessus et politiques de r\u00e9compense\u00a0\u00a0\t<\/h2>\n\t<p>Chaque mois de f\u00e9vrier, <strong>Saveurs du Canada \/ Taste Canada<\/strong> lance un appel \u00e0 candidatures pour des livres de cuisine et des ouvrages culinaires d'auteurs canadiens, en fran\u00e7ais et en anglais, publi\u00e9s l'ann\u00e9e pr\u00e9c\u00e9dente. Tous les ouvrages doivent \u00eatre \u00e9crits par des citoyens canadiens et correspondre \u00e0 l'une des cat\u00e9gories suivantes\u00a0: <u><strong><a href=\"https:\/\/tastecanada.org\/publishers-authors\/\">cinq cat\u00e9gories diff\u00e9rentes<\/a><\/strong>:<\/u> R\u00e9cits culinaires, g\u00e9n\u00e9raux, \u00e0 sujet unique, culturels et de sant\u00e9 r\u00e9gionaux, mode de vie ou r\u00e9gime alimentaire sp\u00e9cial.<\/p>\n<p>&nbsp;<\/p>\n<p>Les modalit\u00e9s de soumission d\u00e9taill\u00e9es seront publi\u00e9es d\u00e8s le d\u00e9but de l'appel \u00e0 candidatures et resteront disponibles sur le site web pendant toute la dur\u00e9e du processus de soumission, soit un mois. Le processus de soumission se d\u00e9roule enti\u00e8rement en ligne.<\/p>\n<p>&nbsp;<\/p>\n<p>Les auteurs et \u00e9diteurs auto\u00e9dit\u00e9s peuvent soumettre plusieurs titres, chacun devant poss\u00e9der son propre num\u00e9ro ISBN. Les frais de soumission s'\u00e9l\u00e8vent \u00e0 165 $ et les auteurs\/\u00e9diteurs doivent fournir sept exemplaires imprim\u00e9s de chaque ouvrage en anglais et cinq exemplaires imprim\u00e9s de chaque ouvrage en fran\u00e7ais.<\/p>\n<h2>\n\t\t\tPour plus d'informations, veuillez contacter Jo-Anne Lauzer, directrice du programme de r\u00e9compenses.\t<\/h2>\n\t<p><strong>Processus de jugement<\/strong><\/p>\n<p>Le\u00a0<strong>Prix \u200b\u200bculinaires et du livre de recettes Saveurs du Canada \/ Taste Canada <\/strong>jury is comprised of volunteers from Canada&#8217;s culinary profession appointed by an independent selection committee; each judge abides by our Conflict of Interest Policy. Taste Canada staff, contractors, Advisory Board members, Category Coordinators, Selection Committee, sponsors, donors and spokespersons have no influence on the judging results, and in no way determine the Award winners.<\/p>\n<p>Chaque livre admissible soumis sera soumis \u00e0 au moins une \u00e9tape du processus de s\u00e9lection, et un maximum de cinq livres par cat\u00e9gorie seront retenus parmi les finalistes apr\u00e8s la premi\u00e8re \u00e9tape. Les recettes de tous les livres retenus seront test\u00e9es et not\u00e9es par les juges. Apr\u00e8s la deuxi\u00e8me \u00e9tape, Taste Canada r\u00e9compensera jusqu'\u00e0 vingt livres s\u00e9lectionn\u00e9s par le jury\u00a0: cinq d'or et cinq d'argent en anglais, et cinq d'or et cinq d'argent en fran\u00e7ais.<\/p>\n<p>Il y a trois juges pour chaque cat\u00e9gorie de prix\u00a0; cinq cat\u00e9gories sont propos\u00e9es en anglais et cinq en fran\u00e7ais. Selon le nombre de livres inscrits, certains jurys peuvent juger plusieurs cat\u00e9gories.<\/p>\n<p>Les juges, tous nomm\u00e9s par un comit\u00e9 de s\u00e9lection ind\u00e9pendant, sont des professionnels de l'alimentation, tels que des journalistes, des critiques gastronomiques, des auteurs, des chefs, des professeurs de cuisine, des \u00e9conomistes familiaux, des di\u00e9t\u00e9ticiens agr\u00e9\u00e9s et d'autres experts culinaires, de partout au Canada.<\/p>\n<p>Les juges suivent des crit\u00e8res d'\u00e9valuation d\u00e9taill\u00e9s et adapt\u00e9s \u00e0 chaque cat\u00e9gorie. Les scores sont v\u00e9rifi\u00e9s par le Comit\u00e9 des prix apr\u00e8s chaque tour. Un coordonnateur de cat\u00e9gorie est d\u00e9sign\u00e9 par le Comit\u00e9 de s\u00e9lection pour faciliter le processus d'\u00e9valuation ; les coordonnateurs sont b\u00e9n\u00e9voles et ne re\u00e7oivent aucune compensation financi\u00e8re ou mat\u00e9rielle.<\/p>\n<p>&nbsp;<\/p>\n<p><strong>Politique sur les conflits d'int\u00e9r\u00eats<\/strong><\/p>\n<p>Aucun coordinateur de cat\u00e9gorie ou juge ne doit avoir de lien quel qu'il soit avec un livre soumis dans sa cat\u00e9gorie pour le processus de jugement actuel.<\/p>\n<p>Afin de prot\u00e9ger l'int\u00e9grit\u00e9 du processus d\u2019\u00e9valuation, les personnes qui ne peuvent pas faire partie d'un jury sont :<\/p>\n<ul>\n<li>Un repr\u00e9sentant d'une maison d'\u00e9dition<\/li>\n<li>Un repr\u00e9sentant d'une entreprise de relations publiques qui fait la promotion de livres culinaires et\/ou de leurs auteurs<\/li>\n<li>Un auteur nomin\u00e9 dans l'ann\u00e9e en cours pour un prix<\/li>\n<li>Un \u00e9crivain qui a publi\u00e9 des critiques de l'un des livres consid\u00e9r\u00e9s pour un prix dans la cat\u00e9gorie qu'il juge<\/li>\n<li>Un \u00e9crivain qui a contribu\u00e9 au mat\u00e9riel \u00e9ditorial de l'un des livres consid\u00e9r\u00e9s pour un prix dans la cat\u00e9gorie qu'il juge<\/li>\n<li>Mentionn\u00e9 dans les remerciements par l'auteur dans sa cat\u00e9gorie<\/li>\n<\/ul>","protected":false},"excerpt":{"rendered":"<p>Awards Process and Policies\u00a0\u00a0 Every February, Taste Canada \/ Saveurs du Canada sends out a call for submissions for Canadian-authored culinary books and cookbooks in French and English, published the previous year. All books must be written by Canadian citizens and fit into one of five different categories: Culinary Narratives, General, Single Subject, Regional Cultural&hellip;<\/p>","protected":false},"author":2,"featured_media":0,"parent":0,"menu_order":0,"comment_status":"closed","ping_status":"closed","template":"","meta":{"wprm-recipe-roundup-name":"","wprm-recipe-roundup-description":"","ngg_post_thumbnail":0,"footnotes":""},"class_list":["post-8616","page","type-page","status-publish","hentry"],"yoast_head":"<!-- This site is optimized with the Yoast SEO plugin v27.4 - https:\/\/yoast.com\/product\/yoast-seo-wordpress\/ -->\n<title>Policies - Taste Canada<\/title>\n<meta name=\"description\" content=\"Find everything publishers and authors need to know about submitting to the Taste Canada Awards \u2014 including guidelines, deadlines, and eligibility criteria.\" \/>\n<meta name=\"robots\" content=\"index, follow, max-snippet:-1, max-image-preview:large, max-video-preview:-1\" \/>\n<link rel=\"canonical\" href=\"https:\/\/tastecanada.org\/fr\/strategies\/\" \/>\n<meta property=\"og:locale\" content=\"fr_CA\" \/>\n<meta property=\"og:type\" content=\"article\" \/>\n<meta property=\"og:title\" content=\"Policies - Taste Canada\" \/>\n<meta property=\"og:description\" content=\"Find everything publishers and authors need to know about submitting to the Taste Canada Awards \u2014 including guidelines, deadlines, and eligibility criteria.\" \/>\n<meta property=\"og:url\" content=\"https:\/\/tastecanada.org\/fr\/strategies\/\" \/>\n<meta property=\"og:site_name\" content=\"Taste Canada\" \/>\n<meta property=\"article:publisher\" content=\"https:\/\/www.facebook.com\/Taste.Canada\" \/>\n<meta property=\"article:modified_time\" content=\"2026-01-22T18:46:37+00:00\" \/>\n<meta name=\"twitter:card\" content=\"summary_large_image\" \/>\n<meta name=\"twitter:site\" content=\"@TasteCanada\" \/>\n<meta name=\"twitter:label1\" content=\"Estimation du temps de lecture\" \/>\n\t<meta name=\"twitter:data1\" content=\"3 minutes\" \/>\n<script type=\"application\/ld+json\" class=\"yoast-schema-graph\">{\"@context\":\"https:\\\/\\\/schema.org\",\"@graph\":[{\"@type\":\"WebPage\",\"@id\":\"https:\\\/\\\/tastecanada.org\\\/policies\\\/\",\"url\":\"https:\\\/\\\/tastecanada.org\\\/policies\\\/\",\"name\":\"Policies - Taste Canada\",\"isPartOf\":{\"@id\":\"https:\\\/\\\/tastecanada.org\\\/#website\"},\"datePublished\":\"2018-04-10T14:40:58+00:00\",\"dateModified\":\"2026-01-22T18:46:37+00:00\",\"description\":\"Find everything publishers and authors need to know about submitting to the Taste Canada Awards \u2014 including guidelines, deadlines, and eligibility criteria.\",\"breadcrumb\":{\"@id\":\"https:\\\/\\\/tastecanada.org\\\/policies\\\/#breadcrumb\"},\"inLanguage\":\"fr-CA\",\"potentialAction\":[{\"@type\":\"ReadAction\",\"target\":[\"https:\\\/\\\/tastecanada.org\\\/policies\\\/\"]}]},{\"@type\":\"BreadcrumbList\",\"@id\":\"https:\\\/\\\/tastecanada.org\\\/policies\\\/#breadcrumb\",\"itemListElement\":[{\"@type\":\"ListItem\",\"position\":1,\"name\":\"Home\",\"item\":\"https:\\\/\\\/tastecanada.org\\\/\"},{\"@type\":\"ListItem\",\"position\":2,\"name\":\"Policies\"}]},{\"@type\":\"WebSite\",\"@id\":\"https:\\\/\\\/tastecanada.org\\\/#website\",\"url\":\"https:\\\/\\\/tastecanada.org\\\/\",\"name\":\"Taste Canada\",\"description\":\"Canada&#039;s Cookbooks Awards\",\"publisher\":{\"@id\":\"https:\\\/\\\/tastecanada.org\\\/#organization\"},\"potentialAction\":[{\"@type\":\"SearchAction\",\"target\":{\"@type\":\"EntryPoint\",\"urlTemplate\":\"https:\\\/\\\/tastecanada.org\\\/?s={search_term_string}\"},\"query-input\":{\"@type\":\"PropertyValueSpecification\",\"valueRequired\":true,\"valueName\":\"search_term_string\"}}],\"inLanguage\":\"fr-CA\"},{\"@type\":\"Organization\",\"@id\":\"https:\\\/\\\/tastecanada.org\\\/#organization\",\"name\":\"Taste Canada\",\"url\":\"https:\\\/\\\/tastecanada.org\\\/\",\"logo\":{\"@type\":\"ImageObject\",\"inLanguage\":\"fr-CA\",\"@id\":\"https:\\\/\\\/tastecanada.org\\\/#\\\/schema\\\/logo\\\/image\\\/\",\"url\":\"https:\\\/\\\/tastecanada.org\\\/wp-content\\\/uploads\\\/2018\\\/04\\\/TC-Logo-Header@2x.jpg\",\"contentUrl\":\"https:\\\/\\\/tastecanada.org\\\/wp-content\\\/uploads\\\/2018\\\/04\\\/TC-Logo-Header@2x.jpg\",\"width\":500,\"height\":500,\"caption\":\"Taste Canada\"},\"image\":{\"@id\":\"https:\\\/\\\/tastecanada.org\\\/#\\\/schema\\\/logo\\\/image\\\/\"},\"sameAs\":[\"https:\\\/\\\/www.facebook.com\\\/Taste.Canada\",\"https:\\\/\\\/x.com\\\/TasteCanada\",\"https:\\\/\\\/www.instagram.com\\\/tastecanadaawards\\\/\",\"https:\\\/\\\/www.youtube.com\\\/channel\\\/UCGOvW9bjvd9WN1QhGmZ74dw\"]}]}<\/script>\n<!-- \/ Yoast SEO plugin. -->","yoast_head_json":{"title":"Politiques - Go\u00fbtez Canada","description":"Find everything publishers and authors need to know about submitting to the Taste Canada Awards \u2014 including guidelines, deadlines, and eligibility criteria.","robots":{"index":"index","follow":"follow","max-snippet":"max-snippet:-1","max-image-preview":"max-image-preview:large","max-video-preview":"max-video-preview:-1"},"canonical":"https:\/\/tastecanada.org\/fr\/strategies\/","og_locale":"fr_CA","og_type":"article","og_title":"Policies - Taste Canada","og_description":"Find everything publishers and authors need to know about submitting to the Taste Canada Awards \u2014 including guidelines, deadlines, and eligibility criteria.","og_url":"https:\/\/tastecanada.org\/fr\/strategies\/","og_site_name":"Taste Canada","article_publisher":"https:\/\/www.facebook.com\/Taste.Canada","article_modified_time":"2026-01-22T18:46:37+00:00","twitter_card":"summary_large_image","twitter_site":"@TasteCanada","twitter_misc":{"Estimation du temps de lecture":"3 minutes"},"schema":{"@context":"https:\/\/schema.org","@graph":[{"@type":"WebPage","@id":"https:\/\/tastecanada.org\/policies\/","url":"https:\/\/tastecanada.org\/policies\/","name":"Politiques - Go\u00fbtez Canada","isPartOf":{"@id":"https:\/\/tastecanada.org\/#website"},"datePublished":"2018-04-10T14:40:58+00:00","dateModified":"2026-01-22T18:46:37+00:00","description":"Find everything publishers and authors need to know about submitting to the Taste Canada Awards \u2014 including guidelines, deadlines, and eligibility criteria.","breadcrumb":{"@id":"https:\/\/tastecanada.org\/policies\/#breadcrumb"},"inLanguage":"fr-CA","potentialAction":[{"@type":"ReadAction","target":["https:\/\/tastecanada.org\/policies\/"]}]},{"@type":"BreadcrumbList","@id":"https:\/\/tastecanada.org\/policies\/#breadcrumb","itemListElement":[{"@type":"ListItem","position":1,"name":"Home","item":"https:\/\/tastecanada.org\/"},{"@type":"ListItem","position":2,"name":"Policies"}]},{"@type":"WebSite","@id":"https:\/\/tastecanada.org\/#website","url":"https:\/\/tastecanada.org\/","name":"Le Centre de Ressources Educatives pour","description":"Prix des livres de cuisine du Canada&#039;","publisher":{"@id":"https:\/\/tastecanada.org\/#organization"},"potentialAction":[{"@type":"SearchAction","target":{"@type":"EntryPoint","urlTemplate":"https:\/\/tastecanada.org\/?s={search_term_string}"},"query-input":{"@type":"PropertyValueSpecification","valueRequired":true,"valueName":"search_term_string"}}],"inLanguage":"fr-CA"},{"@type":"Organization","@id":"https:\/\/tastecanada.org\/#organization","name":"Le Centre de Ressources Educatives pour","url":"https:\/\/tastecanada.org\/","logo":{"@type":"ImageObject","inLanguage":"fr-CA","@id":"https:\/\/tastecanada.org\/#\/schema\/logo\/image\/","url":"https:\/\/tastecanada.org\/wp-content\/uploads\/2018\/04\/TC-Logo-Header@2x.jpg","contentUrl":"https:\/\/tastecanada.org\/wp-content\/uploads\/2018\/04\/TC-Logo-Header@2x.jpg","width":500,"height":500,"caption":"Taste Canada"},"image":{"@id":"https:\/\/tastecanada.org\/#\/schema\/logo\/image\/"},"sameAs":["https:\/\/www.facebook.com\/Taste.Canada","https:\/\/x.com\/TasteCanada","https:\/\/www.instagram.com\/tastecanadaawards\/","https:\/\/www.youtube.com\/channel\/UCGOvW9bjvd9WN1QhGmZ74dw"]}]}},"_links":{"self":[{"href":"https:\/\/tastecanada.org\/fr\/wp-json\/wp\/v2\/pages\/8616","targetHints":{"allow":["GET"]}}],"collection":[{"href":"https:\/\/tastecanada.org\/fr\/wp-json\/wp\/v2\/pages"}],"about":[{"href":"https:\/\/tastecanada.org\/fr\/wp-json\/wp\/v2\/types\/page"}],"author":[{"embeddable":true,"href":"https:\/\/tastecanada.org\/fr\/wp-json\/wp\/v2\/users\/2"}],"replies":[{"embeddable":true,"href":"https:\/\/tastecanada.org\/fr\/wp-json\/wp\/v2\/comments?post=8616"}],"version-history":[{"count":7,"href":"https:\/\/tastecanada.org\/fr\/wp-json\/wp\/v2\/pages\/8616\/revisions"}],"predecessor-version":[{"id":22821,"href":"https:\/\/tastecanada.org\/fr\/wp-json\/wp\/v2\/pages\/8616\/revisions\/22821"}],"wp:attachment":[{"href":"https:\/\/tastecanada.org\/fr\/wp-json\/wp\/v2\/media?parent=8616"}],"curies":[{"name":"wp","href":"https:\/\/api.w.org\/{rel}","templated":true}]}}