{"id":8597,"date":"2018-04-10T14:19:14","date_gmt":"2018-04-10T14:19:14","guid":{"rendered":"https:\/\/tastecanada.org\/?page_id=8597"},"modified":"2026-01-26T11:16:36","modified_gmt":"2026-01-26T11:16:36","slug":"les-partenaires","status":"publish","type":"page","link":"https:\/\/tastecanada.org\/fr\/partners\/","title":{"rendered":"Nos partenaires"},"content":{"rendered":"<figure itemscope itemtype=\"https:\/\/schema.org\/ImageObject\">\n\t\t\t\t<img decoding=\"async\" src=\"https:\/\/tastecanada.org\/wp-content\/plugins\/bb-plugin\/img\/pixel.png\" alt=\"\" onerror=\"this.style.display='none'\" loading=\"lazy\" \/>\n\t<\/figure>\n<h2>\n\t\t\tMajor Funding &#038; Partnerships\t<\/h2>\n<h2>\n\t\t\tPartner with Taste Canada &#038; Celebrate Canadian Culinary Excellence\t<\/h2>\n\t<p>At Taste Canada, we bring together the country&#8217;s leading culinary voices-authors, publishers, chefs, industry professionals, students and food lovers-to honour and elevate Canadian food culture. Our sponsors play a vital role in shaping this conversation, ensuring that Canadian culinary talent is recognized, celebrated, and shared with audiences nationwide.<\/p>\n<p>En vous associant \u00e0 Saveurs du Canada, votre marque :<\/p>\n<ul>\n<li>Align with Canada&#8217;s top culinary storytellers through our prestigious awards, community and industry events, and digital platforms.<\/li>\n<li>Atteignez un public national engag\u00e9 compos\u00e9 de passionn\u00e9s de cuisine, d\u2019influenceurs, de chefs, d\u2019\u00e9tudiants et de leaders de l\u2019industrie.<\/li>\n<li>Showcase your brand&#8217;s commitment to food literacy, sustainability, and culinary innovation.<\/li>\n<\/ul>\n<p>From year-round digital exposure to high-impact event activations, our sponsorship opportunities are designed to maximize brand visibility and engagement. Let&#8217;s collaborate to create a meaningful partnership that celebrates food, culture, and storytelling.<\/p>\n<h2>\n\t\t\tJoin us in shaping the future of Canada&#8217;s food story.\t<\/h2>\n\t\t\t<a href=\"mailto:kgerling@uoguelph.ca\"  target=\"_blank\" rel=\"noopener\">\n\t\t\t\t\t\t\tContactez-nous pour discuter des opportunit\u00e9s\n\t\t\t\t\t<\/a>\n<figure itemscope itemtype=\"https:\/\/schema.org\/ImageObject\">\n\t\t\t\t<img decoding=\"async\" src=\"https:\/\/tastecanada.org\/wp-content\/uploads\/2026\/01\/2025-CTB-Sponsor-logo-compilation-Sep-2.pptx.jpg\" alt=\"2025 CTB Sponsor logo compilation Sep 2.pptx\" height=\"629\" width=\"626\" title=\"2025 CTB Sponsor logo compilation Sep 2.pptx\" onerror=\"this.style.display='none'\" loading=\"lazy\" \/>\n\t<\/figure>\n<h2>\n\t\t\tJoin us in shaping the future of Canada&#8217;s food story.\t<\/h2>\n\t<p>Votre don permet \u00e0 Saveurs du Canada de c\u00e9l\u00e9brer et de valoriser la culture culinaire canadienne en soutenant des auteurs, des \u00e9tudiants et des programmes de litt\u00e9ratie alimentaire. Ensemble, nous pouvons inspirer la prochaine g\u00e9n\u00e9ration de talents culinaires.<\/p>\n\t\t\t<a href=\"https:\/\/www.zeffy.com\/en-CA\/donation-form\/2128f5c1-fc48-4118-9ca9-c4710163c2d2\"  target=\"_blank\" rel=\"noopener\">\n\t\t\t\t\t\t\tFaites un don maintenant\n\t\t\t\t\t<\/a>\n<figure itemscope itemtype=\"https:\/\/schema.org\/ImageObject\">\n\t\t\t\t<img decoding=\"async\" src=\"https:\/\/tastecanada.org\/wp-content\/uploads\/2023\/11\/TasteCanada-CooksTheBooks-Student-Competition-CirillosAcademy-291023@Picnchu89-168-1-scaled.jpg\" alt=\"TasteCanada-CooksTheBooks-Student Competition-CirillosAcademy-291023@Picnchu89-168\" height=\"2560\" width=\"1706\" title=\"TasteCanada-CooksTheBooks-Student Competition-CirillosAcademy-291023@Picnchu89-168\" onerror=\"this.style.display='none'\" loading=\"lazy\" \/>\n\t<\/figure>","protected":false},"excerpt":{"rendered":"<p>Major Funding &#038; Partnerships Partner with Taste Canada &#038; Celebrate Canadian Culinary Excellence At Taste Canada, we bring together the country&#8217;s leading culinary voices-authors, publishers, chefs, industry professionals, students and food lovers-to honour and elevate Canadian food culture. Our sponsors play a vital role in shaping this conversation, ensuring that Canadian culinary talent is recognized,&hellip;<\/p>","protected":false},"author":2,"featured_media":0,"parent":0,"menu_order":0,"comment_status":"closed","ping_status":"closed","template":"","meta":{"wprm-recipe-roundup-name":"","wprm-recipe-roundup-description":"","ngg_post_thumbnail":0,"footnotes":""},"class_list":["post-8597","page","type-page","status-publish","hentry"],"yoast_head":"<!-- This site is optimized with the Yoast SEO plugin v27.4 - https:\/\/yoast.com\/product\/yoast-seo-wordpress\/ -->\n<title>Partners - Taste Canada<\/title>\n<meta name=\"description\" content=\"Taste Canada creates partnerships to support Canadian culinary talent through meaningful collaborations, events, and national recognition.\" \/>\n<meta name=\"robots\" content=\"index, follow, max-snippet:-1, max-image-preview:large, max-video-preview:-1\" \/>\n<link rel=\"canonical\" href=\"https:\/\/tastecanada.org\/fr\/les-partenaires\/\" \/>\n<meta property=\"og:locale\" content=\"fr_CA\" \/>\n<meta property=\"og:type\" content=\"article\" \/>\n<meta property=\"og:title\" content=\"Partners - Taste Canada\" \/>\n<meta property=\"og:description\" content=\"Taste Canada creates partnerships to support Canadian culinary talent through meaningful collaborations, events, and national recognition.\" \/>\n<meta property=\"og:url\" content=\"https:\/\/tastecanada.org\/fr\/les-partenaires\/\" \/>\n<meta property=\"og:site_name\" content=\"Taste Canada\" \/>\n<meta property=\"article:publisher\" content=\"https:\/\/www.facebook.com\/Taste.Canada\" \/>\n<meta property=\"article:modified_time\" content=\"2026-01-26T11:16:36+00:00\" \/>\n<meta property=\"og:image\" content=\"https:\/\/tastecanada.org\/wp-content\/plugins\/bb-plugin\/img\/pixel.png\" \/>\n<meta name=\"twitter:card\" content=\"summary_large_image\" \/>\n<meta name=\"twitter:site\" content=\"@TasteCanada\" \/>\n<meta name=\"twitter:label1\" content=\"Estimation du temps de lecture\" \/>\n\t<meta name=\"twitter:data1\" content=\"2 minutes\" \/>\n<script type=\"application\/ld+json\" class=\"yoast-schema-graph\">{\"@context\":\"https:\\\/\\\/schema.org\",\"@graph\":[{\"@type\":\"WebPage\",\"@id\":\"https:\\\/\\\/tastecanada.org\\\/partners\\\/\",\"url\":\"https:\\\/\\\/tastecanada.org\\\/partners\\\/\",\"name\":\"Partners - Taste Canada\",\"isPartOf\":{\"@id\":\"https:\\\/\\\/tastecanada.org\\\/#website\"},\"primaryImageOfPage\":{\"@id\":\"https:\\\/\\\/tastecanada.org\\\/partners\\\/#primaryimage\"},\"image\":{\"@id\":\"https:\\\/\\\/tastecanada.org\\\/partners\\\/#primaryimage\"},\"thumbnailUrl\":\"https:\\\/\\\/tastecanada.org\\\/wp-content\\\/plugins\\\/bb-plugin\\\/img\\\/pixel.png\",\"datePublished\":\"2018-04-10T14:19:14+00:00\",\"dateModified\":\"2026-01-26T11:16:36+00:00\",\"description\":\"Taste Canada creates partnerships to support Canadian culinary talent through meaningful collaborations, events, and national recognition.\",\"breadcrumb\":{\"@id\":\"https:\\\/\\\/tastecanada.org\\\/partners\\\/#breadcrumb\"},\"inLanguage\":\"fr-CA\",\"potentialAction\":[{\"@type\":\"ReadAction\",\"target\":[\"https:\\\/\\\/tastecanada.org\\\/partners\\\/\"]}]},{\"@type\":\"ImageObject\",\"inLanguage\":\"fr-CA\",\"@id\":\"https:\\\/\\\/tastecanada.org\\\/partners\\\/#primaryimage\",\"url\":\"https:\\\/\\\/tastecanada.org\\\/wp-content\\\/plugins\\\/bb-plugin\\\/img\\\/pixel.png\",\"contentUrl\":\"https:\\\/\\\/tastecanada.org\\\/wp-content\\\/plugins\\\/bb-plugin\\\/img\\\/pixel.png\"},{\"@type\":\"BreadcrumbList\",\"@id\":\"https:\\\/\\\/tastecanada.org\\\/partners\\\/#breadcrumb\",\"itemListElement\":[{\"@type\":\"ListItem\",\"position\":1,\"name\":\"Home\",\"item\":\"https:\\\/\\\/tastecanada.org\\\/\"},{\"@type\":\"ListItem\",\"position\":2,\"name\":\"Partners\"}]},{\"@type\":\"WebSite\",\"@id\":\"https:\\\/\\\/tastecanada.org\\\/#website\",\"url\":\"https:\\\/\\\/tastecanada.org\\\/\",\"name\":\"Taste Canada\",\"description\":\"Canada&#039;s Cookbooks Awards\",\"publisher\":{\"@id\":\"https:\\\/\\\/tastecanada.org\\\/#organization\"},\"potentialAction\":[{\"@type\":\"SearchAction\",\"target\":{\"@type\":\"EntryPoint\",\"urlTemplate\":\"https:\\\/\\\/tastecanada.org\\\/?s={search_term_string}\"},\"query-input\":{\"@type\":\"PropertyValueSpecification\",\"valueRequired\":true,\"valueName\":\"search_term_string\"}}],\"inLanguage\":\"fr-CA\"},{\"@type\":\"Organization\",\"@id\":\"https:\\\/\\\/tastecanada.org\\\/#organization\",\"name\":\"Taste Canada\",\"url\":\"https:\\\/\\\/tastecanada.org\\\/\",\"logo\":{\"@type\":\"ImageObject\",\"inLanguage\":\"fr-CA\",\"@id\":\"https:\\\/\\\/tastecanada.org\\\/#\\\/schema\\\/logo\\\/image\\\/\",\"url\":\"https:\\\/\\\/tastecanada.org\\\/wp-content\\\/uploads\\\/2018\\\/04\\\/TC-Logo-Header@2x.jpg\",\"contentUrl\":\"https:\\\/\\\/tastecanada.org\\\/wp-content\\\/uploads\\\/2018\\\/04\\\/TC-Logo-Header@2x.jpg\",\"width\":500,\"height\":500,\"caption\":\"Taste Canada\"},\"image\":{\"@id\":\"https:\\\/\\\/tastecanada.org\\\/#\\\/schema\\\/logo\\\/image\\\/\"},\"sameAs\":[\"https:\\\/\\\/www.facebook.com\\\/Taste.Canada\",\"https:\\\/\\\/x.com\\\/TasteCanada\",\"https:\\\/\\\/www.instagram.com\\\/tastecanadaawards\\\/\",\"https:\\\/\\\/www.youtube.com\\\/channel\\\/UCGOvW9bjvd9WN1QhGmZ74dw\"]}]}<\/script>\n<!-- \/ Yoast SEO plugin. -->","yoast_head_json":{"title":"Partenaires - Go\u00fbtez Canada","description":"Taste Canada creates partnerships to support Canadian culinary talent through meaningful collaborations, events, and national recognition.","robots":{"index":"index","follow":"follow","max-snippet":"max-snippet:-1","max-image-preview":"max-image-preview:large","max-video-preview":"max-video-preview:-1"},"canonical":"https:\/\/tastecanada.org\/fr\/les-partenaires\/","og_locale":"fr_CA","og_type":"article","og_title":"Partners - Taste Canada","og_description":"Taste Canada creates partnerships to support Canadian culinary talent through meaningful collaborations, events, and national recognition.","og_url":"https:\/\/tastecanada.org\/fr\/les-partenaires\/","og_site_name":"Taste Canada","article_publisher":"https:\/\/www.facebook.com\/Taste.Canada","article_modified_time":"2026-01-26T11:16:36+00:00","og_image":[{"url":"https:\/\/tastecanada.org\/wp-content\/plugins\/bb-plugin\/img\/pixel.png","type":"","width":"","height":""}],"twitter_card":"summary_large_image","twitter_site":"@TasteCanada","twitter_misc":{"Estimation du temps de lecture":"2 minutes"},"schema":{"@context":"https:\/\/schema.org","@graph":[{"@type":"WebPage","@id":"https:\/\/tastecanada.org\/partners\/","url":"https:\/\/tastecanada.org\/partners\/","name":"Partenaires - Go\u00fbtez Canada","isPartOf":{"@id":"https:\/\/tastecanada.org\/#website"},"primaryImageOfPage":{"@id":"https:\/\/tastecanada.org\/partners\/#primaryimage"},"image":{"@id":"https:\/\/tastecanada.org\/partners\/#primaryimage"},"thumbnailUrl":"https:\/\/tastecanada.org\/wp-content\/plugins\/bb-plugin\/img\/pixel.png","datePublished":"2018-04-10T14:19:14+00:00","dateModified":"2026-01-26T11:16:36+00:00","description":"Taste Canada creates partnerships to support Canadian culinary talent through meaningful collaborations, events, and national recognition.","breadcrumb":{"@id":"https:\/\/tastecanada.org\/partners\/#breadcrumb"},"inLanguage":"fr-CA","potentialAction":[{"@type":"ReadAction","target":["https:\/\/tastecanada.org\/partners\/"]}]},{"@type":"ImageObject","inLanguage":"fr-CA","@id":"https:\/\/tastecanada.org\/partners\/#primaryimage","url":"https:\/\/tastecanada.org\/wp-content\/plugins\/bb-plugin\/img\/pixel.png","contentUrl":"https:\/\/tastecanada.org\/wp-content\/plugins\/bb-plugin\/img\/pixel.png"},{"@type":"BreadcrumbList","@id":"https:\/\/tastecanada.org\/partners\/#breadcrumb","itemListElement":[{"@type":"ListItem","position":1,"name":"Home","item":"https:\/\/tastecanada.org\/"},{"@type":"ListItem","position":2,"name":"Partners"}]},{"@type":"WebSite","@id":"https:\/\/tastecanada.org\/#website","url":"https:\/\/tastecanada.org\/","name":"Le Centre de Ressources Educatives pour","description":"Prix des livres de cuisine du Canada&#039;","publisher":{"@id":"https:\/\/tastecanada.org\/#organization"},"potentialAction":[{"@type":"SearchAction","target":{"@type":"EntryPoint","urlTemplate":"https:\/\/tastecanada.org\/?s={search_term_string}"},"query-input":{"@type":"PropertyValueSpecification","valueRequired":true,"valueName":"search_term_string"}}],"inLanguage":"fr-CA"},{"@type":"Organization","@id":"https:\/\/tastecanada.org\/#organization","name":"Le Centre de Ressources Educatives pour","url":"https:\/\/tastecanada.org\/","logo":{"@type":"ImageObject","inLanguage":"fr-CA","@id":"https:\/\/tastecanada.org\/#\/schema\/logo\/image\/","url":"https:\/\/tastecanada.org\/wp-content\/uploads\/2018\/04\/TC-Logo-Header@2x.jpg","contentUrl":"https:\/\/tastecanada.org\/wp-content\/uploads\/2018\/04\/TC-Logo-Header@2x.jpg","width":500,"height":500,"caption":"Taste Canada"},"image":{"@id":"https:\/\/tastecanada.org\/#\/schema\/logo\/image\/"},"sameAs":["https:\/\/www.facebook.com\/Taste.Canada","https:\/\/x.com\/TasteCanada","https:\/\/www.instagram.com\/tastecanadaawards\/","https:\/\/www.youtube.com\/channel\/UCGOvW9bjvd9WN1QhGmZ74dw"]}]}},"_links":{"self":[{"href":"https:\/\/tastecanada.org\/fr\/wp-json\/wp\/v2\/pages\/8597","targetHints":{"allow":["GET"]}}],"collection":[{"href":"https:\/\/tastecanada.org\/fr\/wp-json\/wp\/v2\/pages"}],"about":[{"href":"https:\/\/tastecanada.org\/fr\/wp-json\/wp\/v2\/types\/page"}],"author":[{"embeddable":true,"href":"https:\/\/tastecanada.org\/fr\/wp-json\/wp\/v2\/users\/2"}],"replies":[{"embeddable":true,"href":"https:\/\/tastecanada.org\/fr\/wp-json\/wp\/v2\/comments?post=8597"}],"version-history":[{"count":8,"href":"https:\/\/tastecanada.org\/fr\/wp-json\/wp\/v2\/pages\/8597\/revisions"}],"predecessor-version":[{"id":22825,"href":"https:\/\/tastecanada.org\/fr\/wp-json\/wp\/v2\/pages\/8597\/revisions\/22825"}],"wp:attachment":[{"href":"https:\/\/tastecanada.org\/fr\/wp-json\/wp\/v2\/media?parent=8597"}],"curies":[{"name":"wp","href":"https:\/\/api.w.org\/{rel}","templated":true}]}}