{"id":8574,"date":"2018-04-10T13:39:18","date_gmt":"2018-04-10T13:39:18","guid":{"rendered":"https:\/\/tastecanada.org\/?page_id=8574"},"modified":"2025-05-15T00:51:43","modified_gmt":"2025-05-15T00:51:43","slug":"gagnants","status":"publish","type":"page","link":"https:\/\/tastecanada.org\/fr\/winners\/","title":{"rendered":"Laur\u00e9ats"},"content":{"rendered":"<h2>\n\t\t\tGagnants les Laur\u00e9ats Saveurs du Canada\t<\/h2>\n<p>Depuis 1998, Taste Canada a remis des prix \u00e0 certains des meilleurs auteurs de livres de cuisine et chroniqueurs culinaires canadiens dans les deux langues officielles. Le jury est compos\u00e9 de b\u00e9n\u00e9voles de la profession culinaire canadienne nomm\u00e9s par un comit\u00e9 de s\u00e9lection ind\u00e9pendant.<\/p>\n<p>Saveurs du Canada sont r\u00e9compens\u00e9s chaque ann\u00e9e lors d'un gala gastronomique unique \u00e0 Toronto o\u00f9 des \u00e9crivains, des \u00e9diteurs, des chefs, des restaurateurs, des agriculteurs, des industriels, des coll\u00e8ges culinaires postsecondaires, des m\u00e9dias et des amateurs de livres de cuisine se r\u00e9unissent pour promouvoir une conversation nationale dynamique \u00e0 propos de la nourriture, et l'art et la culture de l'\u00e9criture culinaire.<\/p>\n\t\t\t\t<a href=\"https:\/\/tastecanada.org\/2024-awards-winners\/\"  target=\"_self\" itemprop=\"url\">\n\t\t\t\t<img decoding=\"async\" src=\"https:\/\/tastecanada.org\/wp-content\/uploads\/2024\/10\/2024-Thumbnail.png\" alt=\"2024 Winners Seal\" itemprop=\"image\" height=\"1080\" width=\"1080\" title=\"2024 Thumbnail\" onerror=\"this.style.display='none'\" loading='lazy' \/>\n\t\t\t\t<\/a>\n\t\t\t\t<a href=\"https:\/\/tastecanada.org\/2023-awards-winners\/\"  target=\"_self\" itemprop=\"url\">\n\t\t\t\t<img decoding=\"async\" src=\"https:\/\/tastecanada.org\/wp-content\/uploads\/2023\/10\/1.png\" alt=\"2023 Winners Seal\" itemprop=\"image\" height=\"1080\" width=\"1080\" title=\"1\" onerror=\"this.style.display='none'\" loading='lazy' \/>\n\t\t\t\t<\/a>\n\t\t\t\t<a href=\"https:\/\/tastecanada.org\/2022-awards-winners\/\"  target=\"_self\" itemprop=\"url\">\n\t\t\t\t<img decoding=\"async\" src=\"https:\/\/tastecanada.org\/wp-content\/uploads\/2023\/10\/2.png\" alt=\"2022 Winners Seal\" itemprop=\"image\" height=\"1080\" width=\"1080\" title=\"2\" onerror=\"this.style.display='none'\" loading='lazy' \/>\n\t\t\t\t<\/a>\n\t\t\t\t<a href=\"https:\/\/tastecanada.org\/2021-awards-winners\/\"  target=\"_self\" itemprop=\"url\">\n\t\t\t\t<img decoding=\"async\" src=\"https:\/\/tastecanada.org\/wp-content\/uploads\/2023\/10\/3.png\" alt=\"2021 Winners Seal\" itemprop=\"image\" height=\"1080\" width=\"1080\" title=\"3\" onerror=\"this.style.display='none'\" loading='lazy' \/>\n\t\t\t\t<\/a>\n\t\t\t\t<a href=\"https:\/\/tastecanada.org\/2020-awards-winners\/\"  target=\"_self\" itemprop=\"url\">\n\t\t\t\t<img decoding=\"async\" src=\"https:\/\/tastecanada.org\/wp-content\/uploads\/2023\/10\/4.png\" alt=\"2020 Winners Seal\" itemprop=\"image\" height=\"1080\" width=\"1080\" title=\"4\" onerror=\"this.style.display='none'\" loading='lazy' \/>\n\t\t\t\t<\/a>\n\t\t\t\t<a href=\"https:\/\/tastecanada.org\/2019-awards-winners\/\"  target=\"_self\" itemprop=\"url\">\n\t\t\t\t<img decoding=\"async\" src=\"https:\/\/tastecanada.org\/wp-content\/uploads\/2023\/10\/5.png\" alt=\"2019 Winners Seal\" itemprop=\"image\" height=\"1080\" width=\"1080\" title=\"5\" onerror=\"this.style.display='none'\" loading='lazy' \/>\n\t\t\t\t<\/a>\n\t\t\t\t<a href=\"https:\/\/tastecanada.org\/2018-awards-winners\/\"  target=\"_self\" itemprop=\"url\">\n\t\t\t\t<img decoding=\"async\" src=\"https:\/\/tastecanada.org\/wp-content\/uploads\/2023\/10\/6.png\" alt=\"2018 Winners Seal\" itemprop=\"image\" height=\"1080\" width=\"1080\" title=\"6\" onerror=\"this.style.display='none'\" loading='lazy' \/>\n\t\t\t\t<\/a>\n\t\t\t\t<a href=\"https:\/\/tastecanada.org\/2017-awards-winners\/\"  target=\"_self\" itemprop=\"url\">\n\t\t\t\t<img decoding=\"async\" src=\"https:\/\/tastecanada.org\/wp-content\/uploads\/2023\/10\/7.png\" alt=\"2017 Winners Seal\" itemprop=\"image\" height=\"1080\" width=\"1080\" title=\"7\" onerror=\"this.style.display='none'\" loading='lazy' \/>\n\t\t\t\t<\/a>\n\t\t\t\t<a href=\"https:\/\/tastecanada.org\/2016-awards-winners\/\"  target=\"_self\" itemprop=\"url\">\n\t\t\t\t<img decoding=\"async\" src=\"https:\/\/tastecanada.org\/wp-content\/uploads\/2023\/10\/8.png\" alt=\"2016 Winners Seal\" itemprop=\"image\" height=\"1080\" width=\"1080\" title=\"8\" onerror=\"this.style.display='none'\" loading='lazy' \/>\n\t\t\t\t<\/a>\n\t\t\t\t<a href=\"https:\/\/tastecanada.org\/2015-awards-winners\/\"  target=\"_self\" itemprop=\"url\">\n\t\t\t\t<img decoding=\"async\" src=\"https:\/\/tastecanada.org\/wp-content\/uploads\/2023\/10\/9.png\" alt=\"2015 Winners Seal\" itemprop=\"image\" height=\"1080\" width=\"1080\" title=\"9\" onerror=\"this.style.display='none'\" loading='lazy' \/>\n\t\t\t\t<\/a>\n\t\t\t\t<a href=\"https:\/\/tastecanada.org\/2014-awards-winners\/\"  target=\"_self\" itemprop=\"url\">\n\t\t\t\t<img decoding=\"async\" src=\"https:\/\/tastecanada.org\/wp-content\/uploads\/2023\/10\/10.png\" alt=\"2014 Winners Seal\" itemprop=\"image\" height=\"1080\" width=\"1080\" title=\"10\" onerror=\"this.style.display='none'\" loading='lazy' \/>\n\t\t\t\t<\/a>\n\t\t\t\t<a href=\"https:\/\/tastecanada.org\/2013-awards-winners\/\"  target=\"_self\" itemprop=\"url\">\n\t\t\t\t<img decoding=\"async\" src=\"https:\/\/tastecanada.org\/wp-content\/uploads\/2023\/10\/11.png\" alt=\"2013 Winners Seal\" itemprop=\"image\" height=\"1080\" width=\"1080\" title=\"11\" onerror=\"this.style.display='none'\" loading='lazy' \/>\n\t\t\t\t<\/a>\n\t\t\t\t<a href=\"https:\/\/tastecanada.org\/2012-awards-winners\/\"  target=\"_self\" itemprop=\"url\">\n\t\t\t\t<img decoding=\"async\" src=\"https:\/\/tastecanada.org\/wp-content\/uploads\/2023\/10\/12.png\" alt=\"2012 Winners Seal\" itemprop=\"image\" height=\"1080\" width=\"1080\" title=\"12\" onerror=\"this.style.display='none'\" loading='lazy' \/>\n\t\t\t\t<\/a>\n\t\t\t\t<a href=\"https:\/\/tastecanada.org\/2011-awards-winners\/\"  target=\"_self\" itemprop=\"url\">\n\t\t\t\t<img decoding=\"async\" src=\"https:\/\/tastecanada.org\/wp-content\/uploads\/2023\/10\/13.png\" alt=\"2011 Winners Seal\" itemprop=\"image\" height=\"1080\" width=\"1080\" title=\"2011 Winners Seal\" onerror=\"this.style.display='none'\" loading='lazy' \/>\n\t\t\t\t<\/a>\n\t\t\t\t<a href=\"https:\/\/tastecanada.org\/2010-awards-winners\/\"  target=\"_self\" itemprop=\"url\">\n\t\t\t\t<img decoding=\"async\" src=\"https:\/\/tastecanada.org\/wp-content\/uploads\/2023\/10\/14.png\" alt=\"2010 Winners Seal\" itemprop=\"image\" height=\"1080\" width=\"1080\" title=\"14\" onerror=\"this.style.display='none'\" loading='lazy' \/>\n\t\t\t\t<\/a>\n\t\t\t\t<a href=\"https:\/\/tastecanada.org\/2009-awards-winners\/\"  target=\"_self\" itemprop=\"url\">\n\t\t\t\t<img decoding=\"async\" src=\"https:\/\/tastecanada.org\/wp-content\/uploads\/2023\/10\/15.png\" alt=\"2009 Winners Seal\" itemprop=\"image\" height=\"1080\" width=\"1080\" title=\"15\" onerror=\"this.style.display='none'\" loading='lazy' \/>\n\t\t\t\t<\/a>\n\t\t\t\t<a href=\"https:\/\/tastecanada.org\/2008-awards-winners\/\"  target=\"_self\" itemprop=\"url\">\n\t\t\t\t<img decoding=\"async\" src=\"https:\/\/tastecanada.org\/wp-content\/uploads\/2023\/10\/16.png\" alt=\"2008 Winners Seal\" itemprop=\"image\" height=\"1080\" width=\"1080\" title=\"16\" onerror=\"this.style.display='none'\" loading='lazy' \/>\n\t\t\t\t<\/a>\n\t\t\t\t<a href=\"https:\/\/tastecanada.org\/2007-awards-winners\/\"  target=\"_self\" itemprop=\"url\">\n\t\t\t\t<img decoding=\"async\" src=\"https:\/\/tastecanada.org\/wp-content\/uploads\/2023\/10\/17.png\" alt=\"2007 Winners Seal\" itemprop=\"image\" height=\"1080\" width=\"1080\" title=\"17\" onerror=\"this.style.display='none'\" loading='lazy' \/>\n\t\t\t\t<\/a>\n\t\t\t\t<a href=\"https:\/\/tastecanada.org\/2006-awards-winners\/\"  target=\"_self\" itemprop=\"url\">\n\t\t\t\t<img decoding=\"async\" src=\"https:\/\/tastecanada.org\/wp-content\/uploads\/2023\/10\/18.png\" alt=\"2006 Winners Seal\" itemprop=\"image\" height=\"1080\" width=\"1080\" title=\"18\" onerror=\"this.style.display='none'\" loading='lazy' \/>\n\t\t\t\t<\/a>\n\t\t\t\t<a href=\"https:\/\/tastecanada.org\/2005-awards-winners\/\"  target=\"_self\" itemprop=\"url\">\n\t\t\t\t<img decoding=\"async\" src=\"https:\/\/tastecanada.org\/wp-content\/uploads\/2023\/10\/19.png\" alt=\"2005 Winners Seal\" itemprop=\"image\" height=\"1080\" width=\"1080\" title=\"19\" onerror=\"this.style.display='none'\" loading='lazy' \/>\n\t\t\t\t<\/a>\n\t\t\t\t<a href=\"https:\/\/tastecanada.org\/2004-awards-winners\/\"  target=\"_self\" itemprop=\"url\">\n\t\t\t\t<img decoding=\"async\" src=\"https:\/\/tastecanada.org\/wp-content\/uploads\/2023\/10\/20.png\" alt=\"2004 Winners Seal\" itemprop=\"image\" height=\"1080\" width=\"1080\" title=\"20\" onerror=\"this.style.display='none'\" loading='lazy' \/>\n\t\t\t\t<\/a>\n\t\t\t\t<a href=\"https:\/\/tastecanada.org\/2003-awards-winners\/\"  target=\"_self\" itemprop=\"url\">\n\t\t\t\t<img decoding=\"async\" src=\"https:\/\/tastecanada.org\/wp-content\/uploads\/2023\/10\/21.png\" alt=\"2003 Winners Seal\" itemprop=\"image\" height=\"1080\" width=\"1080\" title=\"21\" onerror=\"this.style.display='none'\" loading='lazy' \/>\n\t\t\t\t<\/a>\n\t\t\t\t<a href=\"https:\/\/tastecanada.org\/2002-awards-winners\/\"  target=\"_self\" itemprop=\"url\">\n\t\t\t\t<img decoding=\"async\" src=\"https:\/\/tastecanada.org\/wp-content\/uploads\/2023\/10\/22.png\" alt=\"2002 Winners Seal\" itemprop=\"image\" height=\"1080\" width=\"1080\" title=\"22\" onerror=\"this.style.display='none'\" loading='lazy' \/>\n\t\t\t\t<\/a>\n\t\t\t\t<a href=\"https:\/\/tastecanada.org\/2001-awards-winners\/\"  target=\"_self\" itemprop=\"url\">\n\t\t\t\t<img decoding=\"async\" src=\"https:\/\/tastecanada.org\/wp-content\/uploads\/2023\/10\/23.png\" alt=\"2001 Winners Seal\" itemprop=\"image\" height=\"1080\" width=\"1080\" title=\"23\" onerror=\"this.style.display='none'\" loading='lazy' \/>\n\t\t\t\t<\/a>\n\t\t\t\t<a href=\"https:\/\/tastecanada.org\/2000-awards-winners\/\"  target=\"_self\" itemprop=\"url\">\n\t\t\t\t<img decoding=\"async\" src=\"https:\/\/tastecanada.org\/wp-content\/uploads\/2023\/10\/24.png\" alt=\"2000 Winners Seal\" itemprop=\"image\" height=\"1080\" width=\"1080\" title=\"24\" onerror=\"this.style.display='none'\" loading='lazy' \/>\n\t\t\t\t<\/a>\n\t\t\t\t<a href=\"https:\/\/tastecanada.org\/1999-awards-winners\/\"  target=\"_self\" itemprop=\"url\">\n\t\t\t\t<img decoding=\"async\" src=\"https:\/\/tastecanada.org\/wp-content\/uploads\/2023\/10\/25.png\" alt=\"1999 Winners Seal\" itemprop=\"image\" height=\"1080\" width=\"1080\" title=\"25\" onerror=\"this.style.display='none'\" loading='lazy' \/>\n\t\t\t\t<\/a>\n\t\t\t\t<a href=\"https:\/\/tastecanada.org\/1998-awards-winners\/\"  target=\"_self\" itemprop=\"url\">\n\t\t\t\t<img decoding=\"async\" src=\"https:\/\/tastecanada.org\/wp-content\/uploads\/2023\/10\/26.png\" alt=\"1998 Winners Seal\" itemprop=\"image\" height=\"1080\" width=\"1080\" title=\"26\" onerror=\"this.style.display='none'\" loading='lazy' \/>\n\t\t\t\t<\/a>","protected":false},"excerpt":{"rendered":"<p>Taste Canada Award Winners Since 1998, Taste Canada has presented awards to some of the best Canadian cookbook authors and food writers in both official languages. The jury is comprised of volunteers from Canada&#8217;s culinary profession appointed by an independent selection committee. Awards are presented each year at a one-of-a-kind gastronomic Gala in Toronto where&hellip;<\/p>","protected":false},"author":2,"featured_media":0,"parent":0,"menu_order":0,"comment_status":"closed","ping_status":"closed","template":"","meta":{"wprm-recipe-roundup-name":"","wprm-recipe-roundup-description":"","ngg_post_thumbnail":0,"footnotes":""},"class_list":["post-8574","page","type-page","status-publish","hentry"],"yoast_head":"<!-- This site is optimized with the Yoast SEO plugin v27.4 - https:\/\/yoast.com\/product\/yoast-seo-wordpress\/ -->\n<title>Award Winners - Taste Canada Awards for Canada&#039;s best cookbooks<\/title>\n<meta name=\"description\" content=\"Since 1998, Taste Canada has presented awards to the best Canadian food and beverage writers. Awards are presented at a one-of-a-kind gastronomic Gala.\" \/>\n<meta name=\"robots\" content=\"index, follow, max-snippet:-1, max-image-preview:large, max-video-preview:-1\" \/>\n<link rel=\"canonical\" href=\"https:\/\/tastecanada.org\/fr\/gagnants\/\" \/>\n<meta property=\"og:locale\" content=\"fr_CA\" \/>\n<meta property=\"og:type\" content=\"article\" \/>\n<meta property=\"og:title\" content=\"Award Winners - Taste Canada Awards for Canada&#039;s best cookbooks\" \/>\n<meta property=\"og:description\" content=\"Since 1998, Taste Canada has presented awards to the best Canadian food and beverage writers. Awards are presented at a one-of-a-kind gastronomic Gala.\" \/>\n<meta property=\"og:url\" content=\"https:\/\/tastecanada.org\/fr\/gagnants\/\" \/>\n<meta property=\"og:site_name\" content=\"Taste Canada\" \/>\n<meta property=\"article:publisher\" content=\"https:\/\/www.facebook.com\/Taste.Canada\" \/>\n<meta property=\"article:modified_time\" content=\"2025-05-15T00:51:43+00:00\" \/>\n<meta property=\"og:image\" content=\"https:\/\/tastecanada.org\/wp-content\/uploads\/2024\/10\/2024-Thumbnail.png\" \/>\n<meta name=\"twitter:card\" content=\"summary_large_image\" \/>\n<meta name=\"twitter:site\" content=\"@TasteCanada\" \/>\n<meta name=\"twitter:label1\" content=\"Estimation du temps de lecture\" \/>\n\t<meta name=\"twitter:data1\" content=\"1 minute\" \/>\n<script type=\"application\/ld+json\" class=\"yoast-schema-graph\">{\"@context\":\"https:\\\/\\\/schema.org\",\"@graph\":[{\"@type\":\"WebPage\",\"@id\":\"https:\\\/\\\/tastecanada.org\\\/winners\\\/\",\"url\":\"https:\\\/\\\/tastecanada.org\\\/winners\\\/\",\"name\":\"Award Winners - Taste Canada Awards for Canada's best cookbooks\",\"isPartOf\":{\"@id\":\"https:\\\/\\\/tastecanada.org\\\/#website\"},\"primaryImageOfPage\":{\"@id\":\"https:\\\/\\\/tastecanada.org\\\/winners\\\/#primaryimage\"},\"image\":{\"@id\":\"https:\\\/\\\/tastecanada.org\\\/winners\\\/#primaryimage\"},\"thumbnailUrl\":\"https:\\\/\\\/tastecanada.org\\\/wp-content\\\/uploads\\\/2024\\\/10\\\/2024-Thumbnail.png\",\"datePublished\":\"2018-04-10T13:39:18+00:00\",\"dateModified\":\"2025-05-15T00:51:43+00:00\",\"description\":\"Since 1998, Taste Canada has presented awards to the best Canadian food and beverage writers. Awards are presented at a one-of-a-kind gastronomic Gala.\",\"breadcrumb\":{\"@id\":\"https:\\\/\\\/tastecanada.org\\\/winners\\\/#breadcrumb\"},\"inLanguage\":\"fr-CA\",\"potentialAction\":[{\"@type\":\"ReadAction\",\"target\":[\"https:\\\/\\\/tastecanada.org\\\/winners\\\/\"]}]},{\"@type\":\"ImageObject\",\"inLanguage\":\"fr-CA\",\"@id\":\"https:\\\/\\\/tastecanada.org\\\/winners\\\/#primaryimage\",\"url\":\"https:\\\/\\\/tastecanada.org\\\/wp-content\\\/uploads\\\/2024\\\/10\\\/2024-Thumbnail.png\",\"contentUrl\":\"https:\\\/\\\/tastecanada.org\\\/wp-content\\\/uploads\\\/2024\\\/10\\\/2024-Thumbnail.png\"},{\"@type\":\"BreadcrumbList\",\"@id\":\"https:\\\/\\\/tastecanada.org\\\/winners\\\/#breadcrumb\",\"itemListElement\":[{\"@type\":\"ListItem\",\"position\":1,\"name\":\"Home\",\"item\":\"https:\\\/\\\/tastecanada.org\\\/\"},{\"@type\":\"ListItem\",\"position\":2,\"name\":\"Award Winners\"}]},{\"@type\":\"WebSite\",\"@id\":\"https:\\\/\\\/tastecanada.org\\\/#website\",\"url\":\"https:\\\/\\\/tastecanada.org\\\/\",\"name\":\"Taste Canada\",\"description\":\"Canada&#039;s Cookbooks Awards\",\"publisher\":{\"@id\":\"https:\\\/\\\/tastecanada.org\\\/#organization\"},\"potentialAction\":[{\"@type\":\"SearchAction\",\"target\":{\"@type\":\"EntryPoint\",\"urlTemplate\":\"https:\\\/\\\/tastecanada.org\\\/?s={search_term_string}\"},\"query-input\":{\"@type\":\"PropertyValueSpecification\",\"valueRequired\":true,\"valueName\":\"search_term_string\"}}],\"inLanguage\":\"fr-CA\"},{\"@type\":\"Organization\",\"@id\":\"https:\\\/\\\/tastecanada.org\\\/#organization\",\"name\":\"Taste Canada\",\"url\":\"https:\\\/\\\/tastecanada.org\\\/\",\"logo\":{\"@type\":\"ImageObject\",\"inLanguage\":\"fr-CA\",\"@id\":\"https:\\\/\\\/tastecanada.org\\\/#\\\/schema\\\/logo\\\/image\\\/\",\"url\":\"https:\\\/\\\/tastecanada.org\\\/wp-content\\\/uploads\\\/2018\\\/04\\\/TC-Logo-Header@2x.jpg\",\"contentUrl\":\"https:\\\/\\\/tastecanada.org\\\/wp-content\\\/uploads\\\/2018\\\/04\\\/TC-Logo-Header@2x.jpg\",\"width\":500,\"height\":500,\"caption\":\"Taste Canada\"},\"image\":{\"@id\":\"https:\\\/\\\/tastecanada.org\\\/#\\\/schema\\\/logo\\\/image\\\/\"},\"sameAs\":[\"https:\\\/\\\/www.facebook.com\\\/Taste.Canada\",\"https:\\\/\\\/x.com\\\/TasteCanada\",\"https:\\\/\\\/www.instagram.com\\\/tastecanadaawards\\\/\",\"https:\\\/\\\/www.youtube.com\\\/channel\\\/UCGOvW9bjvd9WN1QhGmZ74dw\"]}]}<\/script>\n<!-- \/ Yoast SEO plugin. -->","yoast_head_json":{"title":"Laur\u00e9ats - Prix Taste Canada pour les meilleurs livres de cuisine du Canada","description":"Depuis 1998, Taste Canada d\u00e9cerne des prix aux meilleurs auteurs canadiens d&#039;aliments et de boissons. Les prix sont remis lors d&#039;un gala gastronomique unique en son genre.","robots":{"index":"index","follow":"follow","max-snippet":"max-snippet:-1","max-image-preview":"max-image-preview:large","max-video-preview":"max-video-preview:-1"},"canonical":"https:\/\/tastecanada.org\/fr\/gagnants\/","og_locale":"fr_CA","og_type":"article","og_title":"Award Winners - Taste Canada Awards for Canada's best cookbooks","og_description":"Since 1998, Taste Canada has presented awards to the best Canadian food and beverage writers. Awards are presented at a one-of-a-kind gastronomic Gala.","og_url":"https:\/\/tastecanada.org\/fr\/gagnants\/","og_site_name":"Taste Canada","article_publisher":"https:\/\/www.facebook.com\/Taste.Canada","article_modified_time":"2025-05-15T00:51:43+00:00","og_image":[{"url":"https:\/\/tastecanada.org\/wp-content\/uploads\/2024\/10\/2024-Thumbnail.png","type":"","width":"","height":""}],"twitter_card":"summary_large_image","twitter_site":"@TasteCanada","twitter_misc":{"Estimation du temps de lecture":"1 minute"},"schema":{"@context":"https:\/\/schema.org","@graph":[{"@type":"WebPage","@id":"https:\/\/tastecanada.org\/winners\/","url":"https:\/\/tastecanada.org\/winners\/","name":"Laur\u00e9ats - Prix Taste Canada pour les meilleurs livres de cuisine du Canada","isPartOf":{"@id":"https:\/\/tastecanada.org\/#website"},"primaryImageOfPage":{"@id":"https:\/\/tastecanada.org\/winners\/#primaryimage"},"image":{"@id":"https:\/\/tastecanada.org\/winners\/#primaryimage"},"thumbnailUrl":"https:\/\/tastecanada.org\/wp-content\/uploads\/2024\/10\/2024-Thumbnail.png","datePublished":"2018-04-10T13:39:18+00:00","dateModified":"2025-05-15T00:51:43+00:00","description":"Depuis 1998, Taste Canada d\u00e9cerne des prix aux meilleurs auteurs canadiens d&#039;aliments et de boissons. Les prix sont remis lors d&#039;un gala gastronomique unique en son genre.","breadcrumb":{"@id":"https:\/\/tastecanada.org\/winners\/#breadcrumb"},"inLanguage":"fr-CA","potentialAction":[{"@type":"ReadAction","target":["https:\/\/tastecanada.org\/winners\/"]}]},{"@type":"ImageObject","inLanguage":"fr-CA","@id":"https:\/\/tastecanada.org\/winners\/#primaryimage","url":"https:\/\/tastecanada.org\/wp-content\/uploads\/2024\/10\/2024-Thumbnail.png","contentUrl":"https:\/\/tastecanada.org\/wp-content\/uploads\/2024\/10\/2024-Thumbnail.png"},{"@type":"BreadcrumbList","@id":"https:\/\/tastecanada.org\/winners\/#breadcrumb","itemListElement":[{"@type":"ListItem","position":1,"name":"Home","item":"https:\/\/tastecanada.org\/"},{"@type":"ListItem","position":2,"name":"Award Winners"}]},{"@type":"WebSite","@id":"https:\/\/tastecanada.org\/#website","url":"https:\/\/tastecanada.org\/","name":"Le Centre de Ressources Educatives pour","description":"Prix des livres de cuisine du Canada&#039;","publisher":{"@id":"https:\/\/tastecanada.org\/#organization"},"potentialAction":[{"@type":"SearchAction","target":{"@type":"EntryPoint","urlTemplate":"https:\/\/tastecanada.org\/?s={search_term_string}"},"query-input":{"@type":"PropertyValueSpecification","valueRequired":true,"valueName":"search_term_string"}}],"inLanguage":"fr-CA"},{"@type":"Organization","@id":"https:\/\/tastecanada.org\/#organization","name":"Le Centre de Ressources Educatives pour","url":"https:\/\/tastecanada.org\/","logo":{"@type":"ImageObject","inLanguage":"fr-CA","@id":"https:\/\/tastecanada.org\/#\/schema\/logo\/image\/","url":"https:\/\/tastecanada.org\/wp-content\/uploads\/2018\/04\/TC-Logo-Header@2x.jpg","contentUrl":"https:\/\/tastecanada.org\/wp-content\/uploads\/2018\/04\/TC-Logo-Header@2x.jpg","width":500,"height":500,"caption":"Taste Canada"},"image":{"@id":"https:\/\/tastecanada.org\/#\/schema\/logo\/image\/"},"sameAs":["https:\/\/www.facebook.com\/Taste.Canada","https:\/\/x.com\/TasteCanada","https:\/\/www.instagram.com\/tastecanadaawards\/","https:\/\/www.youtube.com\/channel\/UCGOvW9bjvd9WN1QhGmZ74dw"]}]}},"_links":{"self":[{"href":"https:\/\/tastecanada.org\/fr\/wp-json\/wp\/v2\/pages\/8574","targetHints":{"allow":["GET"]}}],"collection":[{"href":"https:\/\/tastecanada.org\/fr\/wp-json\/wp\/v2\/pages"}],"about":[{"href":"https:\/\/tastecanada.org\/fr\/wp-json\/wp\/v2\/types\/page"}],"author":[{"embeddable":true,"href":"https:\/\/tastecanada.org\/fr\/wp-json\/wp\/v2\/users\/2"}],"replies":[{"embeddable":true,"href":"https:\/\/tastecanada.org\/fr\/wp-json\/wp\/v2\/comments?post=8574"}],"version-history":[{"count":6,"href":"https:\/\/tastecanada.org\/fr\/wp-json\/wp\/v2\/pages\/8574\/revisions"}],"predecessor-version":[{"id":21457,"href":"https:\/\/tastecanada.org\/fr\/wp-json\/wp\/v2\/pages\/8574\/revisions\/21457"}],"wp:attachment":[{"href":"https:\/\/tastecanada.org\/fr\/wp-json\/wp\/v2\/media?parent=8574"}],"curies":[{"name":"wp","href":"https:\/\/api.w.org\/{rel}","templated":true}]}}