{"id":36,"date":"2020-05-19T09:01:14","date_gmt":"2020-05-19T09:01:14","guid":{"rendered":"http:\/\/themebubble.com\/demo\/magplus\/?page_id=36"},"modified":"2026-02-09T14:57:08","modified_gmt":"2026-02-09T14:57:08","slug":"home","status":"publish","type":"page","link":"https:\/\/tastecanada.org\/fr\/","title":{"rendered":"Accueil"},"content":{"rendered":"<figure itemscope itemtype=\"https:\/\/schema.org\/ImageObject\">\n\t\t\t\t<img decoding=\"async\" src=\"https:\/\/tastecanada.org\/wp-content\/uploads\/2025\/03\/TC-logo-2025_FINAL.png\" alt=\"Taste Canada Logo 2025\" height=\"1000\" width=\"1000\" title=\"TC-logo-2025_FINAL\" onerror=\"this.style.display='none'\" loading=\"lazy\" \/>\n\t<\/figure>\n\t<p><b>At Taste Canada, we&#8217;re on a mission to ignite the nation&#8217;s passion for Canadian-authored cookbooks! These span from traditional recipe books to also culinary narrative books, regional cuisines and cultural food literary works.<\/b><\/p>\n<figure itemscope itemtype=\"https:\/\/schema.org\/ImageObject\">\n\t\t\t\t<img decoding=\"async\" src=\"https:\/\/tastecanada.org\/wp-content\/uploads\/2025\/03\/Com-Engagement.png\" alt=\"Table and Chair Icon\" height=\"627\" width=\"785\" title=\"Com Engagement\" onerror=\"this.style.display='none'\" loading=\"lazy\" \/>\n\t<\/figure>\n<h2>\n\t\t\tProgrammes d'engagement public des auteurs\t<\/h2>\n\t\t\t<a href=\"https:\/\/tastecanada.org\/fr\/?page_id=20860\"  target=\"_self\">\n\t\t\t\t\t\t\tEn apprendre plus\n\t\t\t\t\t<\/a>\n<figure itemscope itemtype=\"https:\/\/schema.org\/ImageObject\">\n\t\t\t\t<img decoding=\"async\" src=\"https:\/\/tastecanada.org\/wp-content\/uploads\/2025\/03\/Place-Setting-Icon.png\" alt=\"Place Setting Icon\" height=\"697\" width=\"832\" title=\"Place Setting Icon\" onerror=\"this.style.display='none'\" loading=\"lazy\" \/>\n\t<\/figure>\n<h2>\n\t\t\tEn savoir plus sur les programmes alimentaires\t<\/h2>\n\t\t\t<a href=\"https:\/\/tastecanada.org\/fr\/?page_id=20888\"  target=\"_self\">\n\t\t\t\t\t\t\tEn apprendre plus\n\t\t\t\t\t<\/a>\n<figure itemscope itemtype=\"https:\/\/schema.org\/ImageObject\">\n\t\t\t\t<img decoding=\"async\" src=\"https:\/\/tastecanada.org\/wp-content\/uploads\/2025\/04\/Cookbook-icon-thick.png\" alt=\"Cookbook\" height=\"789\" width=\"700\" title=\"Cookbook icon thick\" onerror=\"this.style.display='none'\" loading=\"lazy\" \/>\n\t<\/figure>\n<h2>\n\t\t\tPrix \u200b\u200bculinaires et de livres de cuisine \t<\/h2>\n\t\t\t<a href=\"https:\/\/tastecanada.org\/fr\/2024-taste-canada-awards-gala\/\"  target=\"_self\">\n\t\t\t\t\t\t\tEn apprendre plus\n\t\t\t\t\t<\/a>\n<figure itemscope itemtype=\"https:\/\/schema.org\/ImageObject\">\n\t\t\t\t<img decoding=\"async\" src=\"https:\/\/tastecanada.org\/wp-content\/uploads\/2025\/03\/Chef-Hat-Icon.1.png\" alt=\"Chef Hat Icon\" height=\"838\" width=\"699\" title=\"Chef Hat Icon.1\" onerror=\"this.style.display='none'\" loading=\"lazy\" \/>\n\t<\/figure>\n<h2>\n\t\t\tD\u00e9veloppement des \u00e9tudiants en cuisine\t<\/h2>\n\t\t\t<a href=\"https:\/\/tastecanada.org\/2024-cooks-the-books\/\"  target=\"_self\">\n\t\t\t\t\t\t\tEn apprendre plus\n\t\t\t\t\t<\/a>\n<h2>\n\t\t\tProgrammes d'engagement public des auteurs\t<\/h2>\nTaste Canada&#8217;s Author Public Engagement Programs bring award-winning and nominated Canadian cookbook authors directly to the public through dynamic, interactive experiences. These events are designed to foster meaningful connections between authors and readers, celebrate Canadian culinary culture, and inspire a deeper appreciation for the stories behind our food.\nEach event provides a unique opportunity for audiences to engage with authors, explore culinary traditions, and support the vibrant world of Canadian food writing.\n<figure itemscope itemtype=\"https:\/\/schema.org\/ImageObject\">\n\t\t\t\t<img decoding=\"async\" src=\"https:\/\/tastecanada.org\/wp-content\/uploads\/2025\/04\/Community-Engagement.png\" alt=\"Community Engagement\" height=\"343\" width=\"624\" title=\"Community Engagement\" onerror=\"this.style.display='none'\" loading=\"lazy\" \/>\n\t<\/figure>\n\t\t\t<a href=\"https:\/\/tastecanada.org\/fr\/community-engagement\/\"  target=\"_self\">\n\t\t\t\t\t\t\tExplorer les programmes\n\t\t\t\t\t<\/a>\n<h2>\n\t\t\tEn savoir plus sur les programmes alimentaires\t<\/h2>\nTaste Canada is committed to promoting food literacy through engaging, educational content. Explore a growing collection of videos and resources that focus on the rich connections between food, culture, heritage, and agriculture in Canada.\nThese learning programs aim to deepen understanding of Canada&#8217;s food systems while celebrating the diverse voices and stories behind the ingredients on our plates.\n\n\t\t\t<a href=\"https:\/\/tastecanada.org\/fr\/learn-about-food\/\"  target=\"_self\">\n\t\t\t\t\t\t\tEn apprendre plus\n\t\t\t\t\t<\/a>\n<h2>\n\t\t\tProgrammes de r\u00e9compenses culinaires et de livres de cuisine\t<\/h2>\n\t<p>Taste Canada Awards are the country&#8217;s only national, bilingual food writing awards program. Since 1998, Taste Canada has celebrated the best in Canadian food writing, showcasing the profound impact of culinary storytelling on our nation&#8217;s cultural fabric while also reflecting the evolving landscape of Canadian cuisine and its diverse culinary traditions. A champion of cookbook authors, Taste Canada strives to inspire readers to discover delicious recipes and diverse food stories written from a Canadian perspective.<\/p>\n\t\t\t<a href=\"https:\/\/tastecanada.org\/fr\/gagnants\/\"  target=\"_self\">\n\t\t\t\t\t\t\tD\u00e9couvrez les laur\u00e9ats\n\t\t\t\t\t<\/a>\n<figure itemscope itemtype=\"https:\/\/schema.org\/ImageObject\">\n\t\t\t\t<img decoding=\"async\" src=\"https:\/\/tastecanada.org\/wp-content\/uploads\/2025\/03\/Shortlist_Seal-cropped.png\" alt=\"Taste Canada Shortlist Seal\" height=\"560\" width=\"569\" title=\"Shortlist_Seal cropped\" onerror=\"this.style.display='none'\" loading=\"lazy\" \/>\n\t<\/figure>\n<figure itemscope itemtype=\"https:\/\/schema.org\/ImageObject\">\n\t\t\t\t<img decoding=\"async\" src=\"https:\/\/tastecanada.org\/wp-content\/uploads\/2022\/11\/Silver_Seal.png\" alt=\"M\u00e9daille d&#039;argent Go\u00fbtez Canada\" height=\"479\" width=\"500\" title=\"Silver_Seal\" onerror=\"this.style.display='none'\" loading=\"lazy\" \/>\n\t<\/figure>\n<figure itemscope itemtype=\"https:\/\/schema.org\/ImageObject\">\n\t\t\t\t<img decoding=\"async\" src=\"https:\/\/tastecanada.org\/wp-content\/uploads\/2022\/11\/Gold_Seal.png\" alt=\"M\u00e9daille d&#039;or Go\u00fbtez Canada\" height=\"479\" width=\"500\" title=\"Gold_Seal\" onerror=\"this.style.display='none'\" loading=\"lazy\" \/>\n\t<\/figure>\n<h2>\n\t\t\tD\u00e9veloppement des \u00e9tudiants en cuisine\t<\/h2>\n<h2>\n\t\t\tPr\u00e9sent\u00e9 par Canada Beef\t<\/h2>\n<figure itemscope itemtype=\"https:\/\/schema.org\/ImageObject\">\n\t\t\t\t<img decoding=\"async\" src=\"https:\/\/tastecanada.org\/wp-content\/uploads\/2025\/03\/IG@picnchu89-stephenchu-Taste-Canada-2024-Cooks-The-Books-2024-Cirillos-Academy-53-copy.jpg\" alt=\"Students who participated in the 2025 Cooks the Books Competition\" height=\"816\" width=\"1224\" title=\"IG@picnchu89-stephenchu-Taste-Canada-2024-Cooks-The -Books-2024-Cirillos-Academy-53 copy\" onerror=\"this.style.display='none'\" loading=\"lazy\" \/>\n\t<\/figure>\n\t<p>Cooks the Books is an annual cooking competition that invites Canadian culinary students from across the nation to compete for the title of Canada&#8217;s Best New Student Chefs! This fast-paced event embodies Taste Canada&#8217;s commitment to food literacy and education, by offering aspiring culinary talent a hands-on learning opportunity to express their passion for cooking and Canadian ingredients.<\/p>\n\t\t\t<a href=\"https:\/\/tastecanada.org\/2024-cooks-the-books\/\"  target=\"_self\">\n\t\t\t\t\t\t\tImpliquez-vous\n\t\t\t\t\t<\/a>\n<h2>\n\t\t\tBiblioth\u00e8que de recettes\t<\/h2>\n\t<p>Discover a world of Canadian flavours, culinary traditions, and expert tips. From award-winning recipes to food literacy insights, explore the stories that shape our country&#8217;s rich food culture.<\/p>\n\t\t\t<a href=\"https:\/\/tastecanada.org\/blog\/\"  target=\"_self\">\n\t\t\t\t\t\t\tDiscover Recipes &#038; More\n\t\t\t\t\t<\/a>\n<figure itemscope itemtype=\"https:\/\/schema.org\/ImageObject\">\n\t\t\t\t<img decoding=\"async\" src=\"https:\/\/tastecanada.org\/wp-content\/uploads\/2025\/03\/IG@picnchu89-stephenchu-Taste-Canada-2024-Awards-Soiree-Fairmont-Hotel-22-copy.jpg\" alt=\"Photos of cookbooks from the 2024 Taste Canada Awards\" height=\"816\" width=\"1224\" title=\"IG@picnchu89-stephenchu-Taste-Canada-2024-Awards-Soiree-Fairmont-Hotel-22 copy\" onerror=\"this.style.display='none'\" loading=\"lazy\" \/>\n\t<\/figure>\n<h2>\n\t\t\t2025 Taste Canada Partners\t<\/h2>\n<figure itemscope itemtype=\"https:\/\/schema.org\/ImageObject\">\n\t\t\t\t<img decoding=\"async\" src=\"https:\/\/tastecanada.org\/wp-content\/uploads\/2025\/12\/New-Sponsorship-Page-Dec-8.png\" alt=\"New Sponsorship Page - Dec 8\" height=\"1080\" width=\"1070\" title=\"New Sponsorship Page - Dec 8\" onerror=\"this.style.display='none'\" loading=\"lazy\" \/>\n\t<\/figure>\n<figure itemscope itemtype=\"https:\/\/schema.org\/ImageObject\">\n\t\t\t\t<img decoding=\"async\" src=\"https:\/\/tastecanada.org\/wp-content\/uploads\/2023\/03\/2li_EnFr_Wordmark_C1.png\" alt=\"2li_EnFr_Wordmark_C1\" height=\"150\" width=\"1470\" title=\"2li_EnFr_Wordmark_C1\" onerror=\"this.style.display='none'\" loading=\"lazy\" \/>\n\t<\/figure>\n\t<p>La traduction de ce site Web a \u00e9t\u00e9 rendue possible gr\u00e2ce au gouvernement du Canada.<\/p>","protected":false},"excerpt":{"rendered":"<p>At Taste Canada, we&#8217;re on a mission to ignite the nation&#8217;s passion for Canadian-authored cookbooks! These span from traditional recipe books to also culinary narrative books, regional cuisines and cultural food literary works. Author Public Engagement Programs Learn More Learn About Food Programs Learn More Culinary &#038; Cookbook Awards Learn More Culinary Student Development Learn&hellip;<\/p>","protected":false},"author":2,"featured_media":0,"parent":0,"menu_order":0,"comment_status":"closed","ping_status":"closed","template":"","meta":{"wprm-recipe-roundup-name":"","wprm-recipe-roundup-description":"","ngg_post_thumbnail":0,"footnotes":""},"class_list":["post-36","page","type-page","status-publish","hentry"],"yoast_head":"<!-- This site is optimized with the Yoast SEO plugin v27.4 - https:\/\/yoast.com\/product\/yoast-seo-wordpress\/ -->\n<title>Taste Canada | Canadian Recipes &amp; Food Stories<\/title>\n<meta name=\"description\" content=\"Taste Canada is a national, not-for-profit that inspires readers to discover Canadian cookbooks, written from a Canadian perspective.\" \/>\n<meta name=\"robots\" content=\"index, follow, max-snippet:-1, max-image-preview:large, max-video-preview:-1\" \/>\n<link rel=\"canonical\" href=\"https:\/\/tastecanada.org\/fr\/\" \/>\n<meta property=\"og:locale\" content=\"fr_CA\" \/>\n<meta property=\"og:type\" content=\"article\" \/>\n<meta property=\"og:title\" content=\"Taste Canada | Canadian Recipes &amp; Food Stories\" \/>\n<meta property=\"og:description\" content=\"Taste Canada is a national, not-for-profit that inspires readers to discover Canadian cookbooks, written from a Canadian perspective.\" \/>\n<meta property=\"og:url\" content=\"https:\/\/tastecanada.org\/fr\/\" \/>\n<meta property=\"og:site_name\" content=\"Taste Canada\" \/>\n<meta property=\"article:publisher\" content=\"https:\/\/www.facebook.com\/Taste.Canada\" \/>\n<meta property=\"article:modified_time\" content=\"2026-02-09T14:57:08+00:00\" \/>\n<meta property=\"og:image\" content=\"https:\/\/tastecanada.org\/wp-content\/uploads\/2025\/03\/TC-logo-2025_FINAL.png\" \/>\n<meta name=\"twitter:card\" content=\"summary_large_image\" \/>\n<meta name=\"twitter:site\" content=\"@TasteCanada\" \/>\n<meta name=\"twitter:label1\" content=\"Estimation du temps de lecture\" \/>\n\t<meta name=\"twitter:data1\" content=\"7 minutes\" \/>\n<script type=\"application\/ld+json\" class=\"yoast-schema-graph\">{\"@context\":\"https:\\\/\\\/schema.org\",\"@graph\":[{\"@type\":\"WebPage\",\"@id\":\"https:\\\/\\\/tastecanada.org\\\/\",\"url\":\"https:\\\/\\\/tastecanada.org\\\/\",\"name\":\"Taste Canada | Canadian Recipes & Food Stories\",\"isPartOf\":{\"@id\":\"https:\\\/\\\/tastecanada.org\\\/#website\"},\"primaryImageOfPage\":{\"@id\":\"https:\\\/\\\/tastecanada.org\\\/#primaryimage\"},\"image\":{\"@id\":\"https:\\\/\\\/tastecanada.org\\\/#primaryimage\"},\"thumbnailUrl\":\"https:\\\/\\\/tastecanada.org\\\/wp-content\\\/uploads\\\/2025\\\/03\\\/TC-logo-2025_FINAL.png\",\"datePublished\":\"2020-05-19T09:01:14+00:00\",\"dateModified\":\"2026-02-09T14:57:08+00:00\",\"description\":\"Taste Canada is a national, not-for-profit that inspires readers to discover Canadian cookbooks, written from a Canadian perspective.\",\"breadcrumb\":{\"@id\":\"https:\\\/\\\/tastecanada.org\\\/#breadcrumb\"},\"inLanguage\":\"fr-CA\",\"potentialAction\":[{\"@type\":\"ReadAction\",\"target\":[\"https:\\\/\\\/tastecanada.org\\\/\"]}]},{\"@type\":\"ImageObject\",\"inLanguage\":\"fr-CA\",\"@id\":\"https:\\\/\\\/tastecanada.org\\\/#primaryimage\",\"url\":\"https:\\\/\\\/tastecanada.org\\\/wp-content\\\/uploads\\\/2025\\\/03\\\/TC-logo-2025_FINAL.png\",\"contentUrl\":\"https:\\\/\\\/tastecanada.org\\\/wp-content\\\/uploads\\\/2025\\\/03\\\/TC-logo-2025_FINAL.png\"},{\"@type\":\"BreadcrumbList\",\"@id\":\"https:\\\/\\\/tastecanada.org\\\/#breadcrumb\",\"itemListElement\":[{\"@type\":\"ListItem\",\"position\":1,\"name\":\"Home\",\"item\":\"https:\\\/\\\/tastecanada.org\\\/\"},{\"@type\":\"ListItem\",\"position\":2,\"name\":\"Home\"}]},{\"@type\":\"WebSite\",\"@id\":\"https:\\\/\\\/tastecanada.org\\\/#website\",\"url\":\"https:\\\/\\\/tastecanada.org\\\/\",\"name\":\"Taste Canada\",\"description\":\"Canada&#039;s Cookbooks Awards\",\"publisher\":{\"@id\":\"https:\\\/\\\/tastecanada.org\\\/#organization\"},\"potentialAction\":[{\"@type\":\"SearchAction\",\"target\":{\"@type\":\"EntryPoint\",\"urlTemplate\":\"https:\\\/\\\/tastecanada.org\\\/?s={search_term_string}\"},\"query-input\":{\"@type\":\"PropertyValueSpecification\",\"valueRequired\":true,\"valueName\":\"search_term_string\"}}],\"inLanguage\":\"fr-CA\"},{\"@type\":\"Organization\",\"@id\":\"https:\\\/\\\/tastecanada.org\\\/#organization\",\"name\":\"Taste Canada\",\"url\":\"https:\\\/\\\/tastecanada.org\\\/\",\"logo\":{\"@type\":\"ImageObject\",\"inLanguage\":\"fr-CA\",\"@id\":\"https:\\\/\\\/tastecanada.org\\\/#\\\/schema\\\/logo\\\/image\\\/\",\"url\":\"https:\\\/\\\/tastecanada.org\\\/wp-content\\\/uploads\\\/2018\\\/04\\\/TC-Logo-Header@2x.jpg\",\"contentUrl\":\"https:\\\/\\\/tastecanada.org\\\/wp-content\\\/uploads\\\/2018\\\/04\\\/TC-Logo-Header@2x.jpg\",\"width\":500,\"height\":500,\"caption\":\"Taste Canada\"},\"image\":{\"@id\":\"https:\\\/\\\/tastecanada.org\\\/#\\\/schema\\\/logo\\\/image\\\/\"},\"sameAs\":[\"https:\\\/\\\/www.facebook.com\\\/Taste.Canada\",\"https:\\\/\\\/x.com\\\/TasteCanada\",\"https:\\\/\\\/www.instagram.com\\\/tastecanadaawards\\\/\",\"https:\\\/\\\/www.youtube.com\\\/channel\\\/UCGOvW9bjvd9WN1QhGmZ74dw\"]}]}<\/script>\n<!-- \/ Yoast SEO plugin. -->","yoast_head_json":{"title":"Taste Canada | Canadian Recipes & Food Stories","description":"Taste Canada est un organisme national sans but lucratif qui incite les lecteurs \u00e0 d\u00e9couvrir des livres de cuisine canadiens, \u00e9crits d&#039;un point de vue canadien.","robots":{"index":"index","follow":"follow","max-snippet":"max-snippet:-1","max-image-preview":"max-image-preview:large","max-video-preview":"max-video-preview:-1"},"canonical":"https:\/\/tastecanada.org\/fr\/","og_locale":"fr_CA","og_type":"article","og_title":"Taste Canada | Canadian Recipes & Food Stories","og_description":"Taste Canada is a national, not-for-profit that inspires readers to discover Canadian cookbooks, written from a Canadian perspective.","og_url":"https:\/\/tastecanada.org\/fr\/","og_site_name":"Taste Canada","article_publisher":"https:\/\/www.facebook.com\/Taste.Canada","article_modified_time":"2026-02-09T14:57:08+00:00","og_image":[{"url":"https:\/\/tastecanada.org\/wp-content\/uploads\/2025\/03\/TC-logo-2025_FINAL.png","type":"","width":"","height":""}],"twitter_card":"summary_large_image","twitter_site":"@TasteCanada","twitter_misc":{"Estimation du temps de lecture":"7 minutes"},"schema":{"@context":"https:\/\/schema.org","@graph":[{"@type":"WebPage","@id":"https:\/\/tastecanada.org\/","url":"https:\/\/tastecanada.org\/","name":"Taste Canada | Canadian Recipes & Food Stories","isPartOf":{"@id":"https:\/\/tastecanada.org\/#website"},"primaryImageOfPage":{"@id":"https:\/\/tastecanada.org\/#primaryimage"},"image":{"@id":"https:\/\/tastecanada.org\/#primaryimage"},"thumbnailUrl":"https:\/\/tastecanada.org\/wp-content\/uploads\/2025\/03\/TC-logo-2025_FINAL.png","datePublished":"2020-05-19T09:01:14+00:00","dateModified":"2026-02-09T14:57:08+00:00","description":"Taste Canada est un organisme national sans but lucratif qui incite les lecteurs \u00e0 d\u00e9couvrir des livres de cuisine canadiens, \u00e9crits d&#039;un point de vue canadien.","breadcrumb":{"@id":"https:\/\/tastecanada.org\/#breadcrumb"},"inLanguage":"fr-CA","potentialAction":[{"@type":"ReadAction","target":["https:\/\/tastecanada.org\/"]}]},{"@type":"ImageObject","inLanguage":"fr-CA","@id":"https:\/\/tastecanada.org\/#primaryimage","url":"https:\/\/tastecanada.org\/wp-content\/uploads\/2025\/03\/TC-logo-2025_FINAL.png","contentUrl":"https:\/\/tastecanada.org\/wp-content\/uploads\/2025\/03\/TC-logo-2025_FINAL.png"},{"@type":"BreadcrumbList","@id":"https:\/\/tastecanada.org\/#breadcrumb","itemListElement":[{"@type":"ListItem","position":1,"name":"Home","item":"https:\/\/tastecanada.org\/"},{"@type":"ListItem","position":2,"name":"Home"}]},{"@type":"WebSite","@id":"https:\/\/tastecanada.org\/#website","url":"https:\/\/tastecanada.org\/","name":"Le Centre de Ressources Educatives pour","description":"Prix des livres de cuisine du Canada&#039;","publisher":{"@id":"https:\/\/tastecanada.org\/#organization"},"potentialAction":[{"@type":"SearchAction","target":{"@type":"EntryPoint","urlTemplate":"https:\/\/tastecanada.org\/?s={search_term_string}"},"query-input":{"@type":"PropertyValueSpecification","valueRequired":true,"valueName":"search_term_string"}}],"inLanguage":"fr-CA"},{"@type":"Organization","@id":"https:\/\/tastecanada.org\/#organization","name":"Le Centre de Ressources Educatives pour","url":"https:\/\/tastecanada.org\/","logo":{"@type":"ImageObject","inLanguage":"fr-CA","@id":"https:\/\/tastecanada.org\/#\/schema\/logo\/image\/","url":"https:\/\/tastecanada.org\/wp-content\/uploads\/2018\/04\/TC-Logo-Header@2x.jpg","contentUrl":"https:\/\/tastecanada.org\/wp-content\/uploads\/2018\/04\/TC-Logo-Header@2x.jpg","width":500,"height":500,"caption":"Taste Canada"},"image":{"@id":"https:\/\/tastecanada.org\/#\/schema\/logo\/image\/"},"sameAs":["https:\/\/www.facebook.com\/Taste.Canada","https:\/\/x.com\/TasteCanada","https:\/\/www.instagram.com\/tastecanadaawards\/","https:\/\/www.youtube.com\/channel\/UCGOvW9bjvd9WN1QhGmZ74dw"]}]}},"_links":{"self":[{"href":"https:\/\/tastecanada.org\/fr\/wp-json\/wp\/v2\/pages\/36","targetHints":{"allow":["GET"]}}],"collection":[{"href":"https:\/\/tastecanada.org\/fr\/wp-json\/wp\/v2\/pages"}],"about":[{"href":"https:\/\/tastecanada.org\/fr\/wp-json\/wp\/v2\/types\/page"}],"author":[{"embeddable":true,"href":"https:\/\/tastecanada.org\/fr\/wp-json\/wp\/v2\/users\/2"}],"replies":[{"embeddable":true,"href":"https:\/\/tastecanada.org\/fr\/wp-json\/wp\/v2\/comments?post=36"}],"version-history":[{"count":8,"href":"https:\/\/tastecanada.org\/fr\/wp-json\/wp\/v2\/pages\/36\/revisions"}],"predecessor-version":[{"id":22906,"href":"https:\/\/tastecanada.org\/fr\/wp-json\/wp\/v2\/pages\/36\/revisions\/22906"}],"wp:attachment":[{"href":"https:\/\/tastecanada.org\/fr\/wp-json\/wp\/v2\/media?parent=36"}],"curies":[{"name":"wp","href":"https:\/\/api.w.org\/{rel}","templated":true}]}}