{"id":10556,"date":"2019-02-25T15:30:10","date_gmt":"2019-02-25T15:30:10","guid":{"rendered":"https:\/\/tastecanada.org\/?page_id=10556"},"modified":"2025-05-14T23:08:50","modified_gmt":"2025-05-14T23:08:50","slug":"volontaire-2","status":"publish","type":"page","link":"https:\/\/tastecanada.org\/fr\/volunteer-2\/","title":{"rendered":"S\u2019impliquer"},"content":{"rendered":"<h2>\n\t\t\tB\u00e9n\u00e9vole avec Saveurs du Canada\t<\/h2>\n<h2>\n\t\t\tIl n&#039;y a jamais trop de \u00ab chefs \u00bb dans notre cuisine !\t<\/h2>\n\t<p>Taste Canada would not be possible without the generous support of our friends, volunteers, and community of Canadian food &amp; beverage writers, and cookbook authors. From our dedicated volunteers to our in-kind partners, thank you for everything you have done to help Taste Canada grow from its humble beginnings to a national not-for-profit organization. The art of culinary writing is an essential part of Canadian culture: it showcases our diversity, brings us together at Canada&#8217;s table, and nurtures a vibrant national conversation about food.<\/p>\nCette ann\u00e9e, pensez \u00e0 ajouter votre soutien \u00e0 notre programmation qui c\u00e9l\u00e8bre la joie de cuisiner, de d\u00e9licieuses recettes et des histoires sur la nourriture d&#039;un point de vue canadien.<br \/>\nPour faire du b\u00e9n\u00e9volat ou offrir un soutien en nature, veuillez contacter <strong><a href=\"mailto:kgerling@uoguelph.ca\">Karen Baxter.<\/a><\/strong>\n\t\t\tComing together with fellow Canadian food writers for Taste Canada&#8217;s Annual Awards Gala was a highlight of my year! It was inspiring to celebrate and mingle with so many talented culinary professionals in this great country of ours. I really admire Taste Canada&#8217;s vision for showcasing our country&#8217;s diverse talent and for making sure Canada&#8217;s vibrant culinary voices can be heard around the world.\u00a0<h4>Angela Lidon<\/h4><em>Auteur du livre de recettes Oh She Glows, Oh She Glows Every Day<\/em>\t\t\n\t\t\tSaveurs du Canada et leur gala de remise des prix ont \u00e9t\u00e9 une motivation importante pour nous de viser l'excellence dans la cr\u00e9ation de notre livre - je ne peux pas imaginer notre industrie canadienne des r\u00e9dacteurs culinaires sans eux\u00a0!\u00a0<h4>Pierre Neal<\/h4><em>Pr\u00e9sident, Neal Brothers Foods, auteur de Goodness Recipes and Stories, Blakeman Books<\/em>\t\t\n\t\t\tFood is both fundamental and the world&#8217;s largest industry. Food drives economies and societies. Food and cooking are about our very survival as a species. And yet, curiously, until quite recently, we&#8217;ve largely ignored food writing, just as we&#8217;ve ignored our culinary history. Perhaps that&#8217;s partly because, for centuries, except in the most exceptional circumstances, it was women who were the keepers of food knowledge; women who did the vast majority of food preparation and cooking; women who fed nations through wars and plagues and famines; through recessions and great depressions. And it was women who wrote cookbooks and books about culinary knowledge &#8211; now finally being recognized as one of our most important sources of primary history. When we write about food, we are really writing about humanity and community; about love and death and biological imperatives; and about the powerful connections and similarities between us. Food writing has been as undervalued as the actual work of food preparation. Taste Canada is the only body in the country recognizing the importance of the work of food writers. Food stories are after all, the real stories of our lives.\u00a0<h4>Lindy Mechefsk\u00e9<\/h4><em>Auteur et chroniqueur culinaire, MacIntyre Purcell Publishing, Goose Lane, Kingston Whig-Standard<\/em>\t\t\n\t\t\t<p>We&#8217;re so lucky to have an organization that supports and promotes our country&#8217;s burgeoning culinary scene, both here in Canada, and to the world.<\/p>\u00a0<h4>Kate Watson<\/h4><em>Publicist, Nimbus Publishing<\/em>\t\t\n\t\t\t<p>As a cookbook author I have experienced the challenges of getting your book noticed on shelves crowded with US and International cookbooks. Taste Canada provides a unique national platform where Canadian culinary authors can be seen, discussed, and honoured for their contribution to our national cuisine.<\/p>\u00a0<h4>Charmian Christie<\/h4>Author or &#8220;The Messy Baker: More than 75 Delicious Recipes from a Real Kitchen&#8221;\t\t\n\t\t\t<p>As a cookbook author I have experienced the challenges of getting your book noticed on shelves crowded with US and International cookbooks. Taste Canada provides a unique national platform where Canadian culinary authors can be seen, discussed, and honoured for their contribution to our national cuisine.<\/p>\u00a0<h4>Charmian Christie<\/h4>Author, <em>The Messy Baker : Plus de 75 d\u00e9licieuses recettes d&#039;une vraie cuisine<\/em>\t\t\n\t\t\t<p>Taste Canada recognizes the unique content of Canadian Cuisine. It has been an encouragement and support for us, as Canadian authors. In this age of &#8220;global community&#8221;, I think it is even more important for us to maintain a Canadian identity in the food industry.<\/p>\u00a0<h4>Charmian Christie Marie Woolsey<\/h4>Author, <em>Blueberries and Polar Bears Inc<\/em>\t\t\n\t\t\t<p>Nous avons besoin d&#8217;un organisme national Canadien pour soutenir la cr\u00e9ation culinaire, en anglais comme en fran\u00e7ais; afin de pouvoir se positionner face aux march\u00e9s mondiaux et autres concours internationaux, pour ainsi faire rayonner la culture culinaire canadienne \u00e0 travers le monde.<\/p>\u00a0<h4>Christelle Tanielian<\/h4>Author, Food Stylist and Photographer\t\t\n\t\t\t<p>As a cookbook author for almost 20 years, I have witnessed Canada&#8217;s culinary curiosity increase dramatically. Food is culture, and documenting our culinary identity through recipes and other written culinary works provides a snapshot of the evolution of our Canadian culinary identity. Taste Canada recognizes this and by acknowledging the work and support behind culinary writing, helps to strengthen our Canadian connection to food as part of this cultural identity.<\/p>\u00a0<h4>Anna Olson<\/h4>Author,<em> Set for the Holidays, Bake with Anna Olson<\/em> and 7 other titles","protected":false},"excerpt":{"rendered":"<p>Volunteer with Taste Canada There can never be too many &#8220;chefs&#8221; in our kitchen! Taste Canada would not be possible without the generous support of our friends, volunteers, and community of Canadian food &amp; beverage writers, and cookbook authors. From our dedicated volunteers to our in-kind partners, thank you for everything you have done to&hellip;<\/p>","protected":false},"author":2,"featured_media":0,"parent":0,"menu_order":0,"comment_status":"closed","ping_status":"closed","template":"","meta":{"wprm-recipe-roundup-name":"","wprm-recipe-roundup-description":"","ngg_post_thumbnail":0,"footnotes":""},"class_list":["post-10556","page","type-page","status-publish","hentry"],"yoast_head":"<!-- This site is optimized with the Yoast SEO plugin v27.4 - https:\/\/yoast.com\/product\/yoast-seo-wordpress\/ -->\n<title>Volunteer - Taste Canada<\/title>\n<meta name=\"description\" content=\"Join Taste Canada as a volunteer and help celebrate culinary excellence through exciting events, programs, and behind-the-scenes support.\" \/>\n<meta name=\"robots\" content=\"index, follow, max-snippet:-1, max-image-preview:large, max-video-preview:-1\" \/>\n<link rel=\"canonical\" href=\"https:\/\/tastecanada.org\/fr\/volontaire-2\/\" \/>\n<meta property=\"og:locale\" content=\"fr_CA\" \/>\n<meta property=\"og:type\" content=\"article\" \/>\n<meta property=\"og:title\" content=\"Volunteer - Taste Canada\" \/>\n<meta property=\"og:description\" content=\"Join Taste Canada as a volunteer and help celebrate culinary excellence through exciting events, programs, and behind-the-scenes support.\" \/>\n<meta property=\"og:url\" content=\"https:\/\/tastecanada.org\/fr\/volontaire-2\/\" \/>\n<meta property=\"og:site_name\" content=\"Taste Canada\" \/>\n<meta property=\"article:publisher\" content=\"https:\/\/www.facebook.com\/Taste.Canada\" \/>\n<meta property=\"article:modified_time\" content=\"2025-05-14T23:08:50+00:00\" \/>\n<meta name=\"twitter:card\" content=\"summary_large_image\" \/>\n<meta name=\"twitter:site\" content=\"@TasteCanada\" \/>\n<meta name=\"twitter:label1\" content=\"Estimation du temps de lecture\" \/>\n\t<meta name=\"twitter:data1\" content=\"2 minutes\" \/>\n<script type=\"application\/ld+json\" class=\"yoast-schema-graph\">{\"@context\":\"https:\\\/\\\/schema.org\",\"@graph\":[{\"@type\":\"WebPage\",\"@id\":\"https:\\\/\\\/tastecanada.org\\\/volunteer-2\\\/\",\"url\":\"https:\\\/\\\/tastecanada.org\\\/volunteer-2\\\/\",\"name\":\"Volunteer - Taste Canada\",\"isPartOf\":{\"@id\":\"https:\\\/\\\/tastecanada.org\\\/#website\"},\"datePublished\":\"2019-02-25T15:30:10+00:00\",\"dateModified\":\"2025-05-14T23:08:50+00:00\",\"description\":\"Join Taste Canada as a volunteer and help celebrate culinary excellence through exciting events, programs, and behind-the-scenes support.\",\"breadcrumb\":{\"@id\":\"https:\\\/\\\/tastecanada.org\\\/volunteer-2\\\/#breadcrumb\"},\"inLanguage\":\"fr-CA\",\"potentialAction\":[{\"@type\":\"ReadAction\",\"target\":[\"https:\\\/\\\/tastecanada.org\\\/volunteer-2\\\/\"]}]},{\"@type\":\"BreadcrumbList\",\"@id\":\"https:\\\/\\\/tastecanada.org\\\/volunteer-2\\\/#breadcrumb\",\"itemListElement\":[{\"@type\":\"ListItem\",\"position\":1,\"name\":\"Home\",\"item\":\"https:\\\/\\\/tastecanada.org\\\/\"},{\"@type\":\"ListItem\",\"position\":2,\"name\":\"Volunteer\"}]},{\"@type\":\"WebSite\",\"@id\":\"https:\\\/\\\/tastecanada.org\\\/#website\",\"url\":\"https:\\\/\\\/tastecanada.org\\\/\",\"name\":\"Taste Canada\",\"description\":\"Canada&#039;s Cookbooks Awards\",\"publisher\":{\"@id\":\"https:\\\/\\\/tastecanada.org\\\/#organization\"},\"potentialAction\":[{\"@type\":\"SearchAction\",\"target\":{\"@type\":\"EntryPoint\",\"urlTemplate\":\"https:\\\/\\\/tastecanada.org\\\/?s={search_term_string}\"},\"query-input\":{\"@type\":\"PropertyValueSpecification\",\"valueRequired\":true,\"valueName\":\"search_term_string\"}}],\"inLanguage\":\"fr-CA\"},{\"@type\":\"Organization\",\"@id\":\"https:\\\/\\\/tastecanada.org\\\/#organization\",\"name\":\"Taste Canada\",\"url\":\"https:\\\/\\\/tastecanada.org\\\/\",\"logo\":{\"@type\":\"ImageObject\",\"inLanguage\":\"fr-CA\",\"@id\":\"https:\\\/\\\/tastecanada.org\\\/#\\\/schema\\\/logo\\\/image\\\/\",\"url\":\"https:\\\/\\\/tastecanada.org\\\/wp-content\\\/uploads\\\/2018\\\/04\\\/TC-Logo-Header@2x.jpg\",\"contentUrl\":\"https:\\\/\\\/tastecanada.org\\\/wp-content\\\/uploads\\\/2018\\\/04\\\/TC-Logo-Header@2x.jpg\",\"width\":500,\"height\":500,\"caption\":\"Taste Canada\"},\"image\":{\"@id\":\"https:\\\/\\\/tastecanada.org\\\/#\\\/schema\\\/logo\\\/image\\\/\"},\"sameAs\":[\"https:\\\/\\\/www.facebook.com\\\/Taste.Canada\",\"https:\\\/\\\/x.com\\\/TasteCanada\",\"https:\\\/\\\/www.instagram.com\\\/tastecanadaawards\\\/\",\"https:\\\/\\\/www.youtube.com\\\/channel\\\/UCGOvW9bjvd9WN1QhGmZ74dw\"]}]}<\/script>\n<!-- \/ Yoast SEO plugin. -->","yoast_head_json":{"title":"B\u00e9n\u00e9vole - Go\u00fbtez Canada","description":"Join Taste Canada as a volunteer and help celebrate culinary excellence through exciting events, programs, and behind-the-scenes support.","robots":{"index":"index","follow":"follow","max-snippet":"max-snippet:-1","max-image-preview":"max-image-preview:large","max-video-preview":"max-video-preview:-1"},"canonical":"https:\/\/tastecanada.org\/fr\/volontaire-2\/","og_locale":"fr_CA","og_type":"article","og_title":"Volunteer - Taste Canada","og_description":"Join Taste Canada as a volunteer and help celebrate culinary excellence through exciting events, programs, and behind-the-scenes support.","og_url":"https:\/\/tastecanada.org\/fr\/volontaire-2\/","og_site_name":"Taste Canada","article_publisher":"https:\/\/www.facebook.com\/Taste.Canada","article_modified_time":"2025-05-14T23:08:50+00:00","twitter_card":"summary_large_image","twitter_site":"@TasteCanada","twitter_misc":{"Estimation du temps de lecture":"2 minutes"},"schema":{"@context":"https:\/\/schema.org","@graph":[{"@type":"WebPage","@id":"https:\/\/tastecanada.org\/volunteer-2\/","url":"https:\/\/tastecanada.org\/volunteer-2\/","name":"B\u00e9n\u00e9vole - Go\u00fbtez Canada","isPartOf":{"@id":"https:\/\/tastecanada.org\/#website"},"datePublished":"2019-02-25T15:30:10+00:00","dateModified":"2025-05-14T23:08:50+00:00","description":"Join Taste Canada as a volunteer and help celebrate culinary excellence through exciting events, programs, and behind-the-scenes support.","breadcrumb":{"@id":"https:\/\/tastecanada.org\/volunteer-2\/#breadcrumb"},"inLanguage":"fr-CA","potentialAction":[{"@type":"ReadAction","target":["https:\/\/tastecanada.org\/volunteer-2\/"]}]},{"@type":"BreadcrumbList","@id":"https:\/\/tastecanada.org\/volunteer-2\/#breadcrumb","itemListElement":[{"@type":"ListItem","position":1,"name":"Home","item":"https:\/\/tastecanada.org\/"},{"@type":"ListItem","position":2,"name":"Volunteer"}]},{"@type":"WebSite","@id":"https:\/\/tastecanada.org\/#website","url":"https:\/\/tastecanada.org\/","name":"Le Centre de Ressources Educatives pour","description":"Prix des livres de cuisine du Canada&#039;","publisher":{"@id":"https:\/\/tastecanada.org\/#organization"},"potentialAction":[{"@type":"SearchAction","target":{"@type":"EntryPoint","urlTemplate":"https:\/\/tastecanada.org\/?s={search_term_string}"},"query-input":{"@type":"PropertyValueSpecification","valueRequired":true,"valueName":"search_term_string"}}],"inLanguage":"fr-CA"},{"@type":"Organization","@id":"https:\/\/tastecanada.org\/#organization","name":"Le Centre de Ressources Educatives pour","url":"https:\/\/tastecanada.org\/","logo":{"@type":"ImageObject","inLanguage":"fr-CA","@id":"https:\/\/tastecanada.org\/#\/schema\/logo\/image\/","url":"https:\/\/tastecanada.org\/wp-content\/uploads\/2018\/04\/TC-Logo-Header@2x.jpg","contentUrl":"https:\/\/tastecanada.org\/wp-content\/uploads\/2018\/04\/TC-Logo-Header@2x.jpg","width":500,"height":500,"caption":"Taste Canada"},"image":{"@id":"https:\/\/tastecanada.org\/#\/schema\/logo\/image\/"},"sameAs":["https:\/\/www.facebook.com\/Taste.Canada","https:\/\/x.com\/TasteCanada","https:\/\/www.instagram.com\/tastecanadaawards\/","https:\/\/www.youtube.com\/channel\/UCGOvW9bjvd9WN1QhGmZ74dw"]}]}},"_links":{"self":[{"href":"https:\/\/tastecanada.org\/fr\/wp-json\/wp\/v2\/pages\/10556","targetHints":{"allow":["GET"]}}],"collection":[{"href":"https:\/\/tastecanada.org\/fr\/wp-json\/wp\/v2\/pages"}],"about":[{"href":"https:\/\/tastecanada.org\/fr\/wp-json\/wp\/v2\/types\/page"}],"author":[{"embeddable":true,"href":"https:\/\/tastecanada.org\/fr\/wp-json\/wp\/v2\/users\/2"}],"replies":[{"embeddable":true,"href":"https:\/\/tastecanada.org\/fr\/wp-json\/wp\/v2\/comments?post=10556"}],"version-history":[{"count":5,"href":"https:\/\/tastecanada.org\/fr\/wp-json\/wp\/v2\/pages\/10556\/revisions"}],"predecessor-version":[{"id":21390,"href":"https:\/\/tastecanada.org\/fr\/wp-json\/wp\/v2\/pages\/10556\/revisions\/21390"}],"wp:attachment":[{"href":"https:\/\/tastecanada.org\/fr\/wp-json\/wp\/v2\/media?parent=10556"}],"curies":[{"name":"wp","href":"https:\/\/api.w.org\/{rel}","templated":true}]}}